{"id":1862,"date":"2024-08-07T02:42:39","date_gmt":"2024-08-07T02:42:39","guid":{"rendered":"https:\/\/touchscreenmfg.com\/?post_type=product&#038;p=1862"},"modified":"2024-08-07T02:54:53","modified_gmt":"2024-08-07T02:54:53","slug":"car-center-console-touch-film","status":"publish","type":"product","link":"https:\/\/touchscreenmfg.com\/cs\/car-center-console-touch-film\/","title":{"rendered":"Dotykov\u00e1 f\u00f3lie na st\u0159edovou konzolu automobilu"},"content":{"rendered":"<h3><strong>Aplikace dotykov\u00fdch f\u00f3li\u00ed<\/strong><\/h3>\n<p id=\"tw-target-text\" class=\"tw-data-text tw-text-large tw-ta\" dir=\"ltr\" data-placeholder=\"Translation\" aria-label=\"P\u0159elo\u017een\u00fd text\" data-ved=\"2ahUKEwie_Z3B7OGHAxW_bfUHHYxgEGkQ3ewLegQIERAU\"><span class=\"Y2IQFc\" lang=\"en\">Vlastn\u00ed kapacita ur\u010duje, zda se prst dotkne elektrody, pomoc\u00ed detekce zm\u011bn elektrostatick\u00e9 kapacity. Kapacita je sn\u00edm\u00e1na a detekov\u00e1na podle ur\u010dit\u00e9ho cyklu. Na z\u00e1klad\u011b zm\u011bny nam\u011b\u0159en\u00e9 hodnoty lze posoudit, zda se prst dotkne elektrody. MCU cykluje podle ur\u010dit\u00e9ho cyklu. Kapacita elektrody je sn\u00edm\u00e1na a detekov\u00e1na. Kdy\u017e se prst od elektrody vzd\u00e1l\u00ed, z\u016fst\u00e1v\u00e1 hodnota kapacity na stabiln\u00ed hodnot\u011b po\u010d\u00edt\u00e1n\u00ed. Kdy\u017e se prst p\u0159ibl\u00ed\u017e\u00ed k hodnot\u011b kapacity nebo se j\u00ed dotkne, hodnota kapacity se zv\u00fd\u0161\u00ed a hodnota po\u010d\u00edt\u00e1n\u00ed se zv\u00fd\u0161\u00ed. Kdy\u017e se prst od elektrody vzd\u00e1l\u00ed, hodnota kapacity se sn\u00ed\u017e\u00ed o hodnotu po\u010d\u00edt\u00e1n\u00ed. Hodnota po\u010d\u00edt\u00e1n\u00ed, kter\u00e1 kles\u00e1 a z\u016fst\u00e1v\u00e1 na stabiln\u00ed hodnot\u011b, kdy\u017e se prst vzdaluje od elektrody, se naz\u00fdv\u00e1 z\u00e1kladn\u00ed hodnota. Na tuto z\u00e1kladn\u00ed hodnotu polo\u017e\u00edme prahovou hodnotu jako kritickou hodnotu. Pokud je hodnota po\u010d\u00edt\u00e1n\u00ed vy\u0161\u0161\u00ed ne\u017e tato kritick\u00e1 hodnota, je sp\u00edna\u010d \u00fasudku zapnut\u00fd. Kdy\u017e je hodnota po\u010d\u00edt\u00e1n\u00ed pod touto kritickou hodnotou, posuzovac\u00ed sp\u00edna\u010d je vypnut.<\/span><\/p>","protected":false},"excerpt":{"rendered":"<h3 id=\"tw-target-text\" class=\"tw-data-text tw-text-large tw-ta\" dir=\"ltr\" data-placeholder=\"Translation\" aria-label=\"P\u0159elo\u017een\u00fd text\" data-ved=\"2ahUKEwie_Z3B7OGHAxW_bfUHHYxgEGkQ3ewLegQIERAU\"><strong><span class=\"Y2IQFc\" lang=\"en\">Princip implementace dotykov\u00e9 f\u00f3lie<\/span><\/strong><\/h3>\n<p>Rychlost pohybu n\u00e1boje je konstantn\u00ed, tak\u017ee \u010d\u00edm v\u011bt\u0161\u00ed je kapacita, t\u00edm del\u0161\u00ed je doba nab\u00edjen\u00ed a vyb\u00edjen\u00ed a t\u00edm v\u011bt\u0161\u00ed je proud. Proto m\u016f\u017eeme pro posouzen\u00ed velikosti kondenz\u00e1toru pou\u017e\u00edt d\u00e9lku doby nab\u00edjen\u00ed a vyb\u00edjen\u00ed a velikost nab\u00edjec\u00edho a vyb\u00edjec\u00edho proudu. ,Pokud existuje stav, kter\u00e9ho m\u016f\u017eeme dos\u00e1hnout a shrom\u00e1\u017edit stabiln\u00ed zm\u011bnu stavu, m\u016f\u017eeme tuto zm\u011bnu pou\u017e\u00edt k realizaci sp\u00ednac\u00edho sign\u00e1lu.<\/p>","protected":false},"featured_media":1863,"template":"","meta":[],"product_cat":[42],"product_tag":[],"_links":{"self":[{"href":"https:\/\/touchscreenmfg.com\/cs\/wp-json\/wp\/v2\/product\/1862"}],"collection":[{"href":"https:\/\/touchscreenmfg.com\/cs\/wp-json\/wp\/v2\/product"}],"about":[{"href":"https:\/\/touchscreenmfg.com\/cs\/wp-json\/wp\/v2\/types\/product"}],"wp:featuredmedia":[{"embeddable":true,"href":"https:\/\/touchscreenmfg.com\/cs\/wp-json\/wp\/v2\/media\/1863"}],"wp:attachment":[{"href":"https:\/\/touchscreenmfg.com\/cs\/wp-json\/wp\/v2\/media?parent=1862"}],"wp:term":[{"taxonomy":"product_cat","embeddable":true,"href":"https:\/\/touchscreenmfg.com\/cs\/wp-json\/wp\/v2\/product_cat?post=1862"},{"taxonomy":"product_tag","embeddable":true,"href":"https:\/\/touchscreenmfg.com\/cs\/wp-json\/wp\/v2\/product_tag?post=1862"}],"curies":[{"name":"wp","href":"https:\/\/api.w.org\/{rel}","templated":true}]}}