{"id":1627,"date":"2024-06-29T01:18:12","date_gmt":"2024-06-29T01:18:12","guid":{"rendered":"https:\/\/touchscreenmfg.com\/?post_type=product&#038;p=1627"},"modified":"2024-06-29T01:50:18","modified_gmt":"2024-06-29T01:50:18","slug":"planar-resistive-touch-screen","status":"publish","type":"product","link":"https:\/\/touchscreenmfg.com\/cs\/planar-resistive-touch-screen\/","title":{"rendered":"Plan\u00e1rn\u00ed odporov\u00e1 dotykov\u00e1 obrazovka"},"content":{"rendered":"<p data-sourcepos=\"3:1-3:111\">Plan\u00e1rn\u00ed odporov\u00e9 dotykov\u00e9 obrazovky p\u0159edstavuj\u00ed osv\u011bd\u010den\u00e9 a cenov\u011b v\u00fdhodn\u00e9 \u0159e\u0161en\u00ed pro dotykov\u00e9 aplikace. Tyto odoln\u00e9 dotykov\u00e9 obrazovky vyu\u017e\u00edvaj\u00ed tlakov\u011b citlivou vrstvu, kter\u00e1 reaguje na fyzick\u00fd kontakt a poskytuje spolehliv\u00fd a intuitivn\u00ed dotykov\u00fd z\u00e1\u017eitek.<\/p>\n<p data-sourcepos=\"5:1-5:51\"><strong>Kl\u00ed\u010dov\u00e9 vlastnosti:<\/strong><\/p>\n<ul data-sourcepos=\"7:1-9:11\">\n<li data-sourcepos=\"7:1-8:0\">\n<p data-sourcepos=\"7:3-7:185\"><strong>P\u0159esn\u00e9 a citliv\u00e9 rozpozn\u00e1v\u00e1n\u00ed dotyk\u016f:<\/strong> Plan\u00e1rn\u00ed rezistivn\u00ed dotykov\u00e9 obrazovky umo\u017e\u0148uj\u00ed p\u0159esnou detekci dotyku a zaji\u0161\u0165uj\u00ed p\u0159esnou a citlivou interakci s dotykov\u00fdmi displeji.<\/p>\n<\/li>\n<li data-sourcepos=\"9:1-9:11\">\n<p data-sourcepos=\"9:3-9:11\"><strong>Odoln\u00e1 konstrukce:<\/strong> Odoln\u00e1 konstrukce odporov\u00fdch dotykov\u00fdch obrazovek odol\u00e1v\u00e1 n\u00e1ro\u010dn\u00e9mu pou\u017e\u00edv\u00e1n\u00ed a drsn\u00e9mu prost\u0159ed\u00ed, tak\u017ee jsou ide\u00e1ln\u00ed pro komer\u010dn\u00ed a pr\u016fmyslov\u00e9 aplikace.<\/p>\n<\/li>\n<li data-sourcepos=\"11:1-11:27\">\n<p data-sourcepos=\"11:3-11:27\"><strong>N\u00e1kladov\u011b efektivn\u00ed \u0159e\u0161en\u00ed:<\/strong> V porovn\u00e1n\u00ed s kapacitn\u00edmi dotykov\u00fdmi obrazovkami nab\u00edzej\u00ed dotykov\u00e9 obrazovky zalo\u017een\u00e9 na tlaku cenov\u011b dostupn\u011bj\u0161\u00ed variantu, zejm\u00e9na pro v\u011bt\u0161\u00ed velikosti displeje.<\/p>\n<\/li>\n<\/ul>\n<p data-sourcepos=\"13:1-13:51\"><strong>Aplikace:<\/strong><\/p>\n<ul data-sourcepos=\"15:1-18:0\">\n<li data-sourcepos=\"15:1-16:0\">\n<p data-sourcepos=\"15:3-15:180\"><strong>Prodejn\u00ed syst\u00e9my (POS):<\/strong> Rezistivn\u00ed dotykov\u00e9 obrazovky se v pokladn\u00edch syst\u00e9mech hojn\u011b pou\u017e\u00edvaj\u00ed d\u00edky sv\u00e9 spolehlivosti, cenov\u00e9 dostupnosti a schopnosti odol\u00e1vat \u010dast\u00fdm dotyk\u016fm.<\/p>\n<\/li>\n<li data-sourcepos=\"17:1-18:0\">\n<p data-sourcepos=\"17:3-17:177\"><strong>Pr\u016fmyslov\u00e9 \u0159\u00eddic\u00ed panely:<\/strong> V pr\u016fmyslov\u00e9m prost\u0159ed\u00ed p\u0159edstavuj\u00ed odporov\u00e9 dotykov\u00e9 obrazovky robustn\u00ed a odoln\u00e9 \u0159e\u0161en\u00ed pro ovl\u00e1d\u00e1n\u00ed stroj\u016f a monitorov\u00e1n\u00ed proces\u016f.<\/p>\n<\/li>\n<li data-sourcepos=\"19:1-20:0\">\n<p data-sourcepos=\"19:3-19:161\"><strong>Ve\u0159ejn\u00e9 informa\u010dn\u00ed kiosky:<\/strong> Plan\u00e1rn\u00ed rezistivn\u00ed dotykov\u00e9 obrazovky umo\u017e\u0148uj\u00ed interaktivn\u00ed ve\u0159ejn\u00e9 informa\u010dn\u00ed kiosky, kter\u00e9 nab\u00edzej\u00ed snadnou navigaci a p\u0159\u00edstup k informac\u00edm.<\/p>\n<\/li>\n<li data-sourcepos=\"21:1-22:0\">\n<p data-sourcepos=\"21:3-21:176\"><strong>Vzd\u011bl\u00e1vac\u00ed expozice:<\/strong> Ve vzd\u011bl\u00e1vac\u00edch za\u0159\u00edzen\u00edch usnad\u0148uj\u00ed dotykov\u00e9 obrazovky zalo\u017een\u00e9 na tlaku interaktivn\u00ed v\u00fduku a zapojuj\u00ed studenty do dotykov\u00fdch aktivit.<\/p>\n<\/li>\n<\/ul>","protected":false},"excerpt":{"rendered":"<p>Plan\u00e1rn\u00ed odporov\u00e9 dotykov\u00e9 obrazovky jsou st\u00e1le obl\u00edbenou volbou pro \u0161irokou \u0161k\u00e1lu aplikac\u00ed d\u00edky sv\u00e9mu spolehliv\u00e9mu v\u00fdkonu, cenov\u00e9 dostupnosti a odolnosti. Nab\u00edzej\u00ed osv\u011bd\u010den\u00e9 a cenov\u011b v\u00fdhodn\u00e9 \u0159e\u0161en\u00ed pro dotykov\u00e9 displeje, co\u017e z nich \u010din\u00ed cenn\u00fd p\u0159\u00ednos pro r\u016fzn\u00e1 odv\u011btv\u00ed a prost\u0159ed\u00ed.<\/p>","protected":false},"featured_media":1569,"template":"","meta":[],"product_cat":[41],"product_tag":[],"_links":{"self":[{"href":"https:\/\/touchscreenmfg.com\/cs\/wp-json\/wp\/v2\/product\/1627"}],"collection":[{"href":"https:\/\/touchscreenmfg.com\/cs\/wp-json\/wp\/v2\/product"}],"about":[{"href":"https:\/\/touchscreenmfg.com\/cs\/wp-json\/wp\/v2\/types\/product"}],"wp:featuredmedia":[{"embeddable":true,"href":"https:\/\/touchscreenmfg.com\/cs\/wp-json\/wp\/v2\/media\/1569"}],"wp:attachment":[{"href":"https:\/\/touchscreenmfg.com\/cs\/wp-json\/wp\/v2\/media?parent=1627"}],"wp:term":[{"taxonomy":"product_cat","embeddable":true,"href":"https:\/\/touchscreenmfg.com\/cs\/wp-json\/wp\/v2\/product_cat?post=1627"},{"taxonomy":"product_tag","embeddable":true,"href":"https:\/\/touchscreenmfg.com\/cs\/wp-json\/wp\/v2\/product_tag?post=1627"}],"curies":[{"name":"wp","href":"https:\/\/api.w.org\/{rel}","templated":true}]}}