{"id":1626,"date":"2024-06-29T01:13:20","date_gmt":"2024-06-29T01:13:20","guid":{"rendered":"https:\/\/touchscreenmfg.com\/?post_type=product&#038;p=1626"},"modified":"2024-06-29T02:10:54","modified_gmt":"2024-06-29T02:10:54","slug":"4-wire-resistive-touch-screens","status":"publish","type":"product","link":"https:\/\/touchscreenmfg.com\/cs\/4-wire-resistive-touch-screens\/","title":{"rendered":"4 dr\u00e1tov\u00e9 odporov\u00e9 dotykov\u00e9 obrazovky"},"content":{"rendered":"<h2 class=\"\" data-sourcepos=\"4:1-4:104\">4 dr\u00e1tov\u00e9 odporov\u00e9 dotykov\u00e9 obrazovky: Spolehliv\u00e1 a cenov\u011b v\u00fdhodn\u00e1 dotykov\u00e1 interakce pro interaktivn\u00ed n\u00e1pisy<\/h2>\n<p data-sourcepos=\"6:1-6:51\">\u010cty\u0159vodi\u010dov\u00e9 odporov\u00e9 dotykov\u00e9 obrazovky p\u0159edstavuj\u00ed osv\u011bd\u010den\u00e9 a cenov\u011b dostupn\u00e9 \u0159e\u0161en\u00ed pro vytv\u00e1\u0159en\u00ed poutav\u00fdch a interaktivn\u00edch n\u00e1pis\u016f. Tyto odoln\u00e9 dotykov\u00e9 obrazovky vyu\u017e\u00edvaj\u00ed tlakov\u011b citlivou vrstvu, kter\u00e1 reaguje na fyzick\u00fd kontakt a umo\u017e\u0148uje intuitivn\u00ed interakci s interaktivn\u00edmi displeji.<\/p>\n<p data-sourcepos=\"8:1-8:51\"><strong>Kl\u00ed\u010dov\u00e9 vlastnosti 4dr\u00e1tov\u00fdch odporov\u00fdch dotykov\u00fdch obrazovek:<\/strong><\/p>\n<ul data-sourcepos=\"10:1-10:95\">\n<li data-sourcepos=\"10:1-10:95\">\n<p class=\"\" data-sourcepos=\"10:3-10:183\"><strong class=\"\">P\u0159esn\u00e9 a citliv\u00e9 rozpozn\u00e1v\u00e1n\u00ed dotyk\u016f:<\/strong> \u010cty\u0159vodi\u010dov\u00e9 odporov\u00e9 dotykov\u00e9 obrazovky zaji\u0161\u0165uj\u00ed p\u0159esnou detekci dotyk\u016f, co\u017e zaru\u010duje p\u0159esnou a citlivou interakci s interaktivn\u00edmi n\u00e1pisy.<\/p>\n<\/li>\n<li data-sourcepos=\"12:1-13:0\">\n<p data-sourcepos=\"12:3-12:175\"><strong>Odoln\u00e1 konstrukce:<\/strong> Robustn\u00ed konstrukce \u010dty\u0159vodi\u010dov\u00fdch odporov\u00fdch dotykov\u00fdch obrazovek odol\u00e1v\u00e1 n\u00e1ro\u010dn\u00e9mu pou\u017e\u00edv\u00e1n\u00ed a drsn\u00e9mu prost\u0159ed\u00ed, tak\u017ee jsou ide\u00e1ln\u00ed pro aplikace ve\u0159ejn\u00e9ho zna\u010den\u00ed.<\/p>\n<\/li>\n<li data-sourcepos=\"14:1-15:0\">\n<p data-sourcepos=\"14:3-14:170\"><strong>N\u00e1kladov\u011b efektivn\u00ed \u0159e\u0161en\u00ed:<\/strong> V porovn\u00e1n\u00ed s kapacitn\u00edmi dotykov\u00fdmi obrazovkami jsou \u010dty\u0159vodi\u010dov\u00e9 odporov\u00e9 dotykov\u00e9 obrazovky cenov\u011b dostupn\u011bj\u0161\u00ed variantou, zejm\u00e9na pro v\u011bt\u0161\u00ed velikosti displej\u016f.<\/p>\n<\/li>\n<\/ul>\n<p data-sourcepos=\"16:1-16:51\"><strong>Aplikace \u010dty\u0159vodi\u010dov\u00fdch odporov\u00fdch dotykov\u00fdch obrazovek:<\/strong><\/p>\n<ul data-sourcepos=\"18:1-20:26\">\n<li data-sourcepos=\"18:1-19:0\">\n<p data-sourcepos=\"18:3-18:195\"><strong>Interaktivn\u00ed digit\u00e1ln\u00ed n\u00e1pisy:<\/strong> \u010cty\u0159vodi\u010dov\u00e9 odporov\u00e9 dotykov\u00e9 obrazovky se hojn\u011b pou\u017e\u00edvaj\u00ed v interaktivn\u00edch digit\u00e1ln\u00edch n\u00e1pisech, kter\u00e9 umo\u017e\u0148uj\u00ed div\u00e1k\u016fm pracovat s obsahem, prov\u00e1d\u011bt volby a p\u0159istupovat k informac\u00edm.<\/p>\n<\/li>\n<li data-sourcepos=\"20:1-20:26\">\n<p data-sourcepos=\"20:3-20:26\"><strong>Maloobchodn\u00ed a pohostinsk\u00e9 displeje:<\/strong> V maloobchod\u011b a pohostinstv\u00ed vylep\u0161uj\u00ed \u010dty\u0159vodi\u010dov\u00e9 odporov\u00e9 dotykov\u00e9 obrazovky samoobslu\u017en\u00e9 kiosky a umo\u017e\u0148uj\u00ed z\u00e1kazn\u00edk\u016fm snadno prohl\u00ed\u017eet produkty, objedn\u00e1vat a platit.<\/p>\n<\/li>\n<li data-sourcepos=\"22:1-23:0\">\n<p data-sourcepos=\"22:3-22:194\"><strong>Ve\u0159ejn\u00e9 informa\u010dn\u00ed kiosky:<\/strong> \u010cty\u0159vodi\u010dov\u00e9 odporov\u00e9 dotykov\u00e9 obrazovky umo\u017e\u0148uj\u00ed interaktivn\u00ed ve\u0159ejn\u00e9 informa\u010dn\u00ed kiosky, kter\u00e9 poskytuj\u00ed n\u00e1v\u0161t\u011bvn\u00edk\u016fm snadn\u00fd p\u0159\u00edstup k map\u00e1m, adres\u00e1\u0159\u016fm a dal\u0161\u00edm informac\u00edm.<\/p>\n<\/li>\n<li data-sourcepos=\"24:1-25:0\">\n<p data-sourcepos=\"24:3-24:196\"><strong>Muzejn\u00ed a v\u00fdstavn\u00ed expozice:<\/strong> \u010cty\u0159vodi\u010dov\u00e9 odporov\u00e9 dotykov\u00e9 obrazovky vylep\u0161uj\u00ed muzejn\u00ed a v\u00fdstavn\u00ed expozice a umo\u017e\u0148uj\u00ed n\u00e1v\u0161t\u011bvn\u00edk\u016fm interaktivn\u011b prozkoumat expon\u00e1ty a dozv\u011bd\u011bt se v\u00edce o artefaktech.<\/p>\n<\/li>\n<\/ul>","protected":false},"excerpt":{"rendered":"<p>\u010cty\u0159vodi\u010dov\u00e9 odporov\u00e9 dotykov\u00e9 obrazovky jsou st\u00e1le obl\u00edbenou volbou pro interaktivn\u00ed n\u00e1pisy d\u00edky sv\u00e9mu spolehliv\u00e9mu v\u00fdkonu, cenov\u00e9 dostupnosti a odolnosti. Nab\u00edzej\u00ed osv\u011bd\u010den\u00e9 a n\u00e1kladov\u011b efektivn\u00ed \u0159e\u0161en\u00ed pro dotykov\u00e9 displeje, co\u017e z nich \u010din\u00ed cenn\u00fd p\u0159\u00ednos pro r\u016fzn\u00e9 aplikace zna\u010den\u00ed.<\/p>","protected":false},"featured_media":1546,"template":"","meta":[],"product_cat":[41],"product_tag":[],"_links":{"self":[{"href":"https:\/\/touchscreenmfg.com\/cs\/wp-json\/wp\/v2\/product\/1626"}],"collection":[{"href":"https:\/\/touchscreenmfg.com\/cs\/wp-json\/wp\/v2\/product"}],"about":[{"href":"https:\/\/touchscreenmfg.com\/cs\/wp-json\/wp\/v2\/types\/product"}],"wp:featuredmedia":[{"embeddable":true,"href":"https:\/\/touchscreenmfg.com\/cs\/wp-json\/wp\/v2\/media\/1546"}],"wp:attachment":[{"href":"https:\/\/touchscreenmfg.com\/cs\/wp-json\/wp\/v2\/media?parent=1626"}],"wp:term":[{"taxonomy":"product_cat","embeddable":true,"href":"https:\/\/touchscreenmfg.com\/cs\/wp-json\/wp\/v2\/product_cat?post=1626"},{"taxonomy":"product_tag","embeddable":true,"href":"https:\/\/touchscreenmfg.com\/cs\/wp-json\/wp\/v2\/product_tag?post=1626"}],"curies":[{"name":"wp","href":"https:\/\/api.w.org\/{rel}","templated":true}]}}