{"id":1625,"date":"2024-06-29T01:12:48","date_gmt":"2024-06-29T01:12:48","guid":{"rendered":"https:\/\/touchscreenmfg.com\/?post_type=product&#038;p=1625"},"modified":"2024-06-29T02:14:44","modified_gmt":"2024-06-29T02:14:44","slug":"5-wire-resistive-touch-screens","status":"publish","type":"product","link":"https:\/\/touchscreenmfg.com\/cs\/5-wire-resistive-touch-screens\/","title":{"rendered":"5 dr\u00e1tov\u00e9 odporov\u00e9 dotykov\u00e9 obrazovky"},"content":{"rendered":"<h2 class=\"\" data-sourcepos=\"1:1-1:95\">5 dr\u00e1tov\u00e9 odporov\u00e9 dotykov\u00e9 obrazovky: Zv\u00fd\u0161en\u00e1 odolnost interaktivn\u00edch chytr\u00fdch tabul\u00ed a obrazovek<\/h2>\n<p data-sourcepos=\"3:1-3:87\">P\u011btidr\u00e1tov\u00e9 odporov\u00e9 dotykov\u00e9 obrazovky zvy\u0161uj\u00ed kvalitu dotykov\u00e9 interakce u interaktivn\u00edch chytr\u00fdch tabul\u00ed a obrazovek a nab\u00edzej\u00ed vy\u0161\u0161\u00ed odolnost, p\u0159esnost a cenovou dostupnost. Tyto pokro\u010dil\u00e9 dotykov\u00e9 obrazovky vyu\u017e\u00edvaj\u00ed jedine\u010dnou konstrukci s dal\u0161\u00edm sn\u00edmac\u00edm vodi\u010dem, kter\u00e1 poskytuje n\u011bkolik v\u00fdhod oproti tradi\u010dn\u00edm \u010dty\u0159vodi\u010dov\u00fdm odporov\u00fdm dotykov\u00fdm obrazovk\u00e1m.<\/p>\n<p data-sourcepos=\"5:1-5:51\"><strong>Kl\u00ed\u010dov\u00e9 vlastnosti 5dr\u00e1tov\u00fdch odporov\u00fdch dotykov\u00fdch obrazovek:<\/strong><\/p>\n<ul data-sourcepos=\"7:1-7:60\">\n<li data-sourcepos=\"7:1-7:60\">\n<p data-sourcepos=\"7:3-7:199\"><strong>Vynikaj\u00edc\u00ed odolnost:<\/strong> P\u0159\u00eddavn\u00fd sn\u00edmac\u00ed vodi\u010d v p\u011btivodi\u010dov\u00fdch odporov\u00fdch dotykov\u00fdch obrazovk\u00e1ch zvy\u0161uje jejich trvanlivost, tak\u017ee jsou odoln\u00e9 proti po\u0161kr\u00e1b\u00e1n\u00ed a ne\u010distot\u00e1m, co\u017e je ide\u00e1ln\u00ed pro prost\u0159ed\u00ed s vysok\u00fdm provozem.<\/p>\n<\/li>\n<li data-sourcepos=\"9:1-9:45\">\n<p data-sourcepos=\"9:3-9:45\"><strong>Sn\u00ed\u017een\u00e9 zkreslen\u00ed hran:<\/strong> P\u0159\u00eddavn\u00fd vodi\u010d pom\u00e1h\u00e1 kompenzovat zkreslen\u00ed okraj\u016f, co\u017e je \u010dast\u00fd probl\u00e9m u v\u011bt\u0161\u00edch interaktivn\u00edch obrazovek, a zaji\u0161\u0165uje konzistentn\u00ed p\u0159esnost dotyku na cel\u00e9m displeji.<\/p>\n<\/li>\n<li data-sourcepos=\"11:1-12:0\">\n<p data-sourcepos=\"11:3-11:164\"><strong>Stabiln\u00ed v\u00fdkon:<\/strong> P\u011btivodi\u010dov\u00e9 odporov\u00e9 dotykov\u00e9 obrazovky poskytuj\u00ed stabiln\u00ed v\u00fdkon i v n\u00e1ro\u010dn\u00fdch prost\u0159ed\u00edch, jako jsou prost\u0159ed\u00ed s vysok\u00fdm okoln\u00edm osv\u011btlen\u00edm nebo prachem.<\/p>\n<\/li>\n<li data-sourcepos=\"13:1-14:0\">\n<p data-sourcepos=\"13:3-13:167\"><strong>N\u00e1kladov\u011b efektivn\u00ed \u0159e\u0161en\u00ed:<\/strong> V porovn\u00e1n\u00ed s kapacitn\u00edmi dotykov\u00fdmi obrazovkami p\u0159edstavuj\u00ed 5vodi\u010dov\u00e9 odporov\u00e9 dotykov\u00e9 obrazovky cenov\u011b v\u00fdhodn\u011bj\u0161\u00ed \u0159e\u0161en\u00ed pro velk\u00e9 interaktivn\u00ed obrazovky.<\/p>\n<\/li>\n<\/ul>\n<p data-sourcepos=\"15:1-15:51\"><strong>Aplikace 5vodi\u010dov\u00fdch odporov\u00fdch dotykov\u00fdch obrazovek:<\/strong><\/p>\n<ul data-sourcepos=\"17:1-24:0\">\n<li data-sourcepos=\"17:1-18:0\">\n<p data-sourcepos=\"17:3-17:212\"><strong>Interaktivn\u00ed chytr\u00e9 tabule:<\/strong> P\u011btivodi\u010dov\u00e9 odporov\u00e9 dotykov\u00e9 obrazovky jsou ide\u00e1ln\u00ed pro interaktivn\u00ed inteligentn\u00ed tabule pou\u017e\u00edvan\u00e9 v u\u010debn\u00e1ch, konferen\u010dn\u00edch m\u00edstnostech a \u0161kolic\u00edch st\u0159edisc\u00edch, kde umo\u017e\u0148uj\u00ed spole\u010dnou v\u00fduku a prezentace.<\/p>\n<\/li>\n<li data-sourcepos=\"19:1-20:0\">\n<p data-sourcepos=\"19:3-19:225\"><strong>Digit\u00e1ln\u00ed n\u00e1pisy a kiosky:<\/strong> V maloobchod\u011b, pohostinstv\u00ed a ve\u0159ejn\u00fdch prostor\u00e1ch vylep\u0161uj\u00ed 5vodi\u010dov\u00e9 odporov\u00e9 dotykov\u00e9 obrazovky digit\u00e1ln\u00ed n\u00e1pisy a kiosky a umo\u017e\u0148uj\u00ed u\u017eivatel\u016fm interakci s obsahem, v\u00fdb\u011br a p\u0159\u00edstup k informac\u00edm.<\/p>\n<\/li>\n<li data-sourcepos=\"21:1-22:0\">\n<p data-sourcepos=\"21:3-21:179\"><strong>Pr\u016fmyslov\u00e9 \u0159\u00eddic\u00ed syst\u00e9my:<\/strong> P\u011btivodi\u010dov\u00e9 odporov\u00e9 dotykov\u00e9 obrazovky p\u0159edstavuj\u00ed spolehliv\u00e9 a odoln\u00e9 \u0159e\u0161en\u00ed pro ovl\u00e1d\u00e1n\u00ed stroj\u016f a monitorov\u00e1n\u00ed proces\u016f v pr\u016fmyslov\u00e9m prost\u0159ed\u00ed.<\/p>\n<\/li>\n<li data-sourcepos=\"23:1-24:0\">\n<p data-sourcepos=\"23:3-23:193\"><strong>L\u00e9ka\u0159sk\u00e9 zobrazovac\u00ed syst\u00e9my:<\/strong> P\u011btivodi\u010dov\u00e9 odporov\u00e9 dotykov\u00e9 obrazovky jsou d\u00edky sv\u00e9 odolnosti a p\u0159esnosti vhodn\u00e9 pro l\u00e9ka\u0159sk\u00e9 zobrazovac\u00ed syst\u00e9my, kter\u00e9 l\u00e9ka\u0159\u016fm umo\u017e\u0148uj\u00ed p\u0159esnou interakci se sn\u00edmky.<\/p>\n<\/li>\n<\/ul>","protected":false},"excerpt":{"rendered":"<p>P\u011btidr\u00e1tov\u00e9 odporov\u00e9 dotykov\u00e9 obrazovky nab\u00edzej\u00ed p\u0159esv\u011bd\u010divou kombinaci odolnosti, p\u0159esnosti a cenov\u00e9 dostupnosti, d\u00edky \u010demu\u017e jsou preferovanou volbou pro \u0161irokou \u0161k\u00e1lu aplikac\u00ed interaktivn\u00edch chytr\u00fdch tabul\u00ed a obrazovek. Poskytuj\u00ed spolehliv\u00e9 a cenov\u011b v\u00fdhodn\u00e9 \u0159e\u0161en\u00ed pro dotykov\u00e9 displeje, kter\u00e9 zvy\u0161uje zapojen\u00ed u\u017eivatel\u016f a produktivitu v r\u016fzn\u00fdch prost\u0159ed\u00edch.<\/p>","protected":false},"featured_media":1548,"template":"","meta":[],"product_cat":[41],"product_tag":[],"_links":{"self":[{"href":"https:\/\/touchscreenmfg.com\/cs\/wp-json\/wp\/v2\/product\/1625"}],"collection":[{"href":"https:\/\/touchscreenmfg.com\/cs\/wp-json\/wp\/v2\/product"}],"about":[{"href":"https:\/\/touchscreenmfg.com\/cs\/wp-json\/wp\/v2\/types\/product"}],"wp:featuredmedia":[{"embeddable":true,"href":"https:\/\/touchscreenmfg.com\/cs\/wp-json\/wp\/v2\/media\/1548"}],"wp:attachment":[{"href":"https:\/\/touchscreenmfg.com\/cs\/wp-json\/wp\/v2\/media?parent=1625"}],"wp:term":[{"taxonomy":"product_cat","embeddable":true,"href":"https:\/\/touchscreenmfg.com\/cs\/wp-json\/wp\/v2\/product_cat?post=1625"},{"taxonomy":"product_tag","embeddable":true,"href":"https:\/\/touchscreenmfg.com\/cs\/wp-json\/wp\/v2\/product_tag?post=1625"}],"curies":[{"name":"wp","href":"https:\/\/api.w.org\/{rel}","templated":true}]}}