{"id":1624,"date":"2024-06-29T01:09:51","date_gmt":"2024-06-29T01:09:51","guid":{"rendered":"https:\/\/touchscreenmfg.com\/?post_type=product&#038;p=1624"},"modified":"2024-06-29T02:07:12","modified_gmt":"2024-06-29T02:07:12","slug":"8-wire-resistive-touch-screens","status":"publish","type":"product","link":"https:\/\/touchscreenmfg.com\/cs\/8-wire-resistive-touch-screens\/","title":{"rendered":"8 dr\u00e1tov\u00e9 odporov\u00e9 dotykov\u00e9 obrazovky"},"content":{"rendered":"<h2 class=\"\" data-sourcepos=\"1:1-1:78\">8 dr\u00e1tov\u00e9 odporov\u00e9 dotykov\u00e9 obrazovky: Zv\u00fd\u0161en\u00e1 p\u0159esnost pro dotykov\u00e9 monitory<\/h2>\n<p data-sourcepos=\"3:1-3:106\">8dr\u00e1tov\u00e9 odporov\u00e9 dotykov\u00e9 obrazovky zvy\u0161uj\u00ed kvalitu dotykov\u00e9 interakce u dotykov\u00fdch monitor\u016f a nab\u00edzej\u00ed vy\u0161\u0161\u00ed p\u0159esnost, odolnost a cenovou dostupnost. Tyto pokro\u010dil\u00e9 dotykov\u00e9 obrazovky vyu\u017e\u00edvaj\u00ed jedine\u010dnou konstrukci s dal\u0161\u00edmi sn\u00edmac\u00edmi vodi\u010di, kter\u00e1 poskytuje n\u011bkolik v\u00fdhod oproti tradi\u010dn\u00edm 4vodi\u010dov\u00fdm odporov\u00fdm dotykov\u00fdm obrazovk\u00e1m.<\/p>\n<p data-sourcepos=\"5:1-5:51\"><strong>Kl\u00ed\u010dov\u00e9 vlastnosti 8dr\u00e1tov\u00fdch odporov\u00fdch dotykov\u00fdch obrazovek:<\/strong><\/p>\n<ul data-sourcepos=\"7:1-7:94\">\n<li data-sourcepos=\"7:1-7:94\">\n<p data-sourcepos=\"7:3-7:186\"><strong>Vynikaj\u00edc\u00ed p\u0159esnost:<\/strong> Dal\u0161\u00ed sn\u00edmac\u00ed vodi\u010de v 8vodi\u010dov\u00fdch odporov\u00fdch dotykov\u00fdch obrazovk\u00e1ch umo\u017e\u0148uj\u00ed p\u0159esn\u011bj\u0161\u00ed detekci dotyku, co\u017e vede k p\u0159esn\u011bj\u0161\u00edmu a citliv\u011bj\u0161\u00edmu dotyku.<\/p>\n<\/li>\n<li data-sourcepos=\"9:1-9:103\">\n<p data-sourcepos=\"9:3-9:103\"><strong>Sn\u00ed\u017een\u00e9 zkreslen\u00ed hran:<\/strong> P\u0159\u00eddavn\u00e9 vodi\u010de pom\u00e1haj\u00ed kompenzovat zkreslen\u00ed okraj\u016f, kter\u00e9 je u v\u011bt\u0161\u00edch dotykov\u00fdch monitor\u016f \u010dast\u00fdm probl\u00e9mem, a zaji\u0161\u0165uj\u00ed konzistentn\u00ed p\u0159esnost dotyku po cel\u00e9 obrazovce.<\/p>\n<\/li>\n<li data-sourcepos=\"11:1-12:0\">\n<p data-sourcepos=\"11:3-11:164\"><strong>Stabiln\u00ed v\u00fdkon:<\/strong> 8vodi\u010dov\u00e9 odporov\u00e9 dotykov\u00e9 obrazovky poskytuj\u00ed stabiln\u00ed v\u00fdkon i v n\u00e1ro\u010dn\u00fdch prost\u0159ed\u00edch, jako jsou prost\u0159ed\u00ed s vysok\u00fdm okoln\u00edm osv\u011btlen\u00edm nebo prachem.<\/p>\n<\/li>\n<li data-sourcepos=\"13:1-14:0\">\n<p data-sourcepos=\"13:3-13:168\"><strong>N\u00e1kladov\u011b efektivn\u00ed \u0159e\u0161en\u00ed:<\/strong> V porovn\u00e1n\u00ed s kapacitn\u00edmi dotykov\u00fdmi obrazovkami p\u0159edstavuj\u00ed 8vodi\u010dov\u00e9 odporov\u00e9 dotykov\u00e9 obrazovky cenov\u011b v\u00fdhodn\u011bj\u0161\u00ed \u0159e\u0161en\u00ed pro velk\u00e9 dotykov\u00e9 monitory.<\/p>\n<\/li>\n<\/ul>\n<p data-sourcepos=\"15:1-15:51\"><strong>Aplikace 8vodi\u010dov\u00fdch odporov\u00fdch dotykov\u00fdch obrazovek:<\/strong><\/p>\n<ul data-sourcepos=\"17:1-17:32\">\n<li data-sourcepos=\"17:1-17:32\">\n<p class=\"\" data-sourcepos=\"17:3-17:213\"><strong class=\"\">Interaktivn\u00ed ploch\u00e9 panely:<\/strong> 8vodi\u010dov\u00e9 odporov\u00e9 dotykov\u00e9 obrazovky jsou ide\u00e1ln\u00ed pro interaktivn\u00ed ploch\u00e9 panely pou\u017e\u00edvan\u00e9 v konferen\u010dn\u00edch m\u00edstnostech, u\u010debn\u00e1ch a ve\u0159ejn\u00fdch prostor\u00e1ch, kde umo\u017e\u0148uj\u00ed bezprobl\u00e9movou spolupr\u00e1ci a sd\u00edlen\u00ed informac\u00ed.<\/p>\n<\/li>\n<li data-sourcepos=\"19:1-20:0\">\n<p data-sourcepos=\"19:3-19:180\"><strong>Pr\u016fmyslov\u00e9 \u0159\u00eddic\u00ed syst\u00e9my:<\/strong> V pr\u016fmyslov\u00e9m prost\u0159ed\u00ed p\u0159edstavuj\u00ed 8vodi\u010dov\u00e9 odporov\u00e9 dotykov\u00e9 obrazovky spolehliv\u00e9 a odoln\u00e9 \u0159e\u0161en\u00ed pro ovl\u00e1d\u00e1n\u00ed stroj\u016f a monitorov\u00e1n\u00ed proces\u016f.<\/p>\n<\/li>\n<li data-sourcepos=\"21:1-22:0\">\n<p data-sourcepos=\"21:3-21:217\"><strong>Maloobchodn\u00ed a pohostinsk\u00e9 kiosky:<\/strong> 8vodi\u010dov\u00e9 odporov\u00e9 dotykov\u00e9 obrazovky vylep\u0161uj\u00ed samoobslu\u017en\u00e9 kiosky v maloobchod\u011b a pohostinstv\u00ed a umo\u017e\u0148uj\u00ed z\u00e1kazn\u00edk\u016fm snadn\u00fd p\u0159\u00edstup k informac\u00edm, zad\u00e1v\u00e1n\u00ed objedn\u00e1vek a prov\u00e1d\u011bn\u00ed plateb.<\/p>\n<\/li>\n<li data-sourcepos=\"23:1-24:0\">\n<p data-sourcepos=\"23:3-23:208\"><strong>Vzd\u011bl\u00e1vac\u00ed expozice:<\/strong> 8vodi\u010dov\u00e9 odporov\u00e9 dotykov\u00e9 obrazovky usnad\u0148uj\u00ed interaktivn\u00ed v\u00fduku ve vzd\u011bl\u00e1vac\u00edch za\u0159\u00edzen\u00edch, zapojuj\u00ed studenty do dotykov\u00fdch aktivit a zlep\u0161uj\u00ed jejich porozum\u011bn\u00ed.<\/p>\n<\/li>\n<\/ul>","protected":false},"excerpt":{"rendered":"<p>8dr\u00e1tov\u00e9 odporov\u00e9 dotykov\u00e9 obrazovky nab\u00edzej\u00ed p\u0159esv\u011bd\u010divou kombinaci p\u0159esnosti, odolnosti a cenov\u00e9 dostupnosti, co\u017e z nich \u010din\u00ed preferovanou volbu pro \u0161irokou \u0161k\u00e1lu aplikac\u00ed dotykov\u00fdch monitor\u016f. Poskytuj\u00ed spolehliv\u00e9 a cenov\u011b v\u00fdhodn\u00e9 \u0159e\u0161en\u00ed pro interaktivn\u00ed displeje, kter\u00e9 zvy\u0161uje zapojen\u00ed u\u017eivatel\u016f a produktivitu v r\u016fzn\u00fdch prost\u0159ed\u00edch.<\/p>","protected":false},"featured_media":1550,"template":"","meta":[],"product_cat":[41],"product_tag":[],"_links":{"self":[{"href":"https:\/\/touchscreenmfg.com\/cs\/wp-json\/wp\/v2\/product\/1624"}],"collection":[{"href":"https:\/\/touchscreenmfg.com\/cs\/wp-json\/wp\/v2\/product"}],"about":[{"href":"https:\/\/touchscreenmfg.com\/cs\/wp-json\/wp\/v2\/types\/product"}],"wp:featuredmedia":[{"embeddable":true,"href":"https:\/\/touchscreenmfg.com\/cs\/wp-json\/wp\/v2\/media\/1550"}],"wp:attachment":[{"href":"https:\/\/touchscreenmfg.com\/cs\/wp-json\/wp\/v2\/media?parent=1624"}],"wp:term":[{"taxonomy":"product_cat","embeddable":true,"href":"https:\/\/touchscreenmfg.com\/cs\/wp-json\/wp\/v2\/product_cat?post=1624"},{"taxonomy":"product_tag","embeddable":true,"href":"https:\/\/touchscreenmfg.com\/cs\/wp-json\/wp\/v2\/product_tag?post=1624"}],"curies":[{"name":"wp","href":"https:\/\/api.w.org\/{rel}","templated":true}]}}