{"id":1621,"date":"2024-06-29T01:06:11","date_gmt":"2024-06-29T01:06:11","guid":{"rendered":"https:\/\/touchscreenmfg.com\/manufacturer\/pdp-display-cover-glass\/"},"modified":"2024-06-29T02:20:27","modified_gmt":"2024-06-29T02:20:27","slug":"pdp-display-cover-glass","status":"publish","type":"product","link":"https:\/\/touchscreenmfg.com\/cs\/pdp-display-cover-glass\/","title":{"rendered":"Kryc\u00ed sklo displeje PDP"},"content":{"rendered":"<p data-sourcepos=\"3:1-3:86\"><strong>Ochrana displeje PDP p\u0159ed po\u0161kr\u00e1b\u00e1n\u00edm, osln\u011bn\u00edm a po\u0161kozen\u00edm<\/strong><\/p>\n<p data-sourcepos=\"5:1-5:157\">PDP Display Cover Glass je ochrann\u00e1 vrstva speci\u00e1ln\u011b navr\u017een\u00e1 pro displej hern\u00edch za\u0159\u00edzen\u00ed PDP. Potenci\u00e1ln\u011b by mohla nab\u00edzet n\u00e1sleduj\u00edc\u00ed funkce:<\/p>\n<ul data-sourcepos=\"7:1-7:36\">\n<li data-sourcepos=\"7:1-7:36\">\n<p class=\"\" data-sourcepos=\"7:3-7:285\"><strong class=\"\">Odolnost proti po\u0161kr\u00e1b\u00e1n\u00ed a n\u00e1razu:<\/strong> Stejn\u011b jako ochrann\u00e9 tvrzen\u00e9 sklo na displej by kryc\u00ed sklo PDP m\u011blo chr\u00e1nit displej p\u0159ed po\u0161kr\u00e1b\u00e1n\u00edm, \u0161kr\u00e1banci a n\u00e1hodn\u00fdmi n\u00e1razy. To je d\u016fle\u017eit\u00e9 zejm\u00e9na u kapesn\u00edch hern\u00edch za\u0159\u00edzen\u00ed, kter\u00e1 jsou n\u00e1chyln\u011bj\u0161\u00ed k n\u00e1raz\u016fm a p\u00e1d\u016fm.<\/p>\n<\/li>\n<li data-sourcepos=\"9:1-10:0\">\n<p data-sourcepos=\"9:3-9:168\"><strong>Zv\u00fd\u0161en\u00e1 srozumitelnost:<\/strong> Vysoce kvalitn\u00ed kryc\u00ed sklo displeje PDP by m\u011blo zachov\u00e1vat vynikaj\u00edc\u00ed optickou \u010distotu, kter\u00e1 zajist\u00ed, \u017ee hern\u00ed obraz z\u016fstane ostr\u00fd a nezkreslen\u00fd.<\/p>\n<\/li>\n<li data-sourcepos=\"11:1-12:0\">\n<p data-sourcepos=\"11:3-11:242\"><strong>Odolnost proti osln\u011bn\u00ed:<\/strong> Pokud m\u00e1 hern\u00ed za\u0159\u00edzen\u00ed PDP leskl\u00fd displej, m\u016f\u017ee kryc\u00ed sklo PDP odoln\u00e9 proti odlesk\u016fm pomoci minimalizovat odrazy od zdroj\u016f okoln\u00edho sv\u011btla a zlep\u0161it viditelnost obrazovky, zejm\u00e9na v jasn\u011b osv\u011btlen\u00e9m prost\u0159ed\u00ed.<\/p>\n<\/li>\n<li data-sourcepos=\"13:1-13:44\">\n<p data-sourcepos=\"13:3-13:44\"><strong>Kompatibilita s dotykem:<\/strong> Pokud je hern\u00ed za\u0159\u00edzen\u00ed PDP vybaveno dotykov\u00fdm displejem, m\u011blo by b\u00fdt kryc\u00ed sklo navr\u017eeno tak, aby bylo kompatibiln\u00ed s dotykem a umo\u017e\u0148ovalo bezprobl\u00e9movou interakci s dotykovou obrazovkou.<\/p>\n<\/li>\n<\/ul>","protected":false},"excerpt":{"rendered":"<p>Kryc\u00ed sklo displeje PDP by mohlo b\u00fdt cenn\u00fdm p\u0159\u00edslu\u0161enstv\u00edm pro hr\u00e1\u010de, kte\u0159\u00ed cht\u011bj\u00ed chr\u00e1nit displej sv\u00e9ho za\u0159\u00edzen\u00ed a zachovat optim\u00e1ln\u00ed hern\u00ed z\u00e1\u017eitek.<\/p>","protected":false},"featured_media":1582,"template":"","meta":[],"product_cat":[15],"product_tag":[],"_links":{"self":[{"href":"https:\/\/touchscreenmfg.com\/cs\/wp-json\/wp\/v2\/product\/1621"}],"collection":[{"href":"https:\/\/touchscreenmfg.com\/cs\/wp-json\/wp\/v2\/product"}],"about":[{"href":"https:\/\/touchscreenmfg.com\/cs\/wp-json\/wp\/v2\/types\/product"}],"wp:featuredmedia":[{"embeddable":true,"href":"https:\/\/touchscreenmfg.com\/cs\/wp-json\/wp\/v2\/media\/1582"}],"wp:attachment":[{"href":"https:\/\/touchscreenmfg.com\/cs\/wp-json\/wp\/v2\/media?parent=1621"}],"wp:term":[{"taxonomy":"product_cat","embeddable":true,"href":"https:\/\/touchscreenmfg.com\/cs\/wp-json\/wp\/v2\/product_cat?post=1621"},{"taxonomy":"product_tag","embeddable":true,"href":"https:\/\/touchscreenmfg.com\/cs\/wp-json\/wp\/v2\/product_tag?post=1621"}],"curies":[{"name":"wp","href":"https:\/\/api.w.org\/{rel}","templated":true}]}}