{"id":1620,"date":"2024-06-29T01:06:11","date_gmt":"2024-06-29T01:06:11","guid":{"rendered":"https:\/\/touchscreenmfg.com\/manufacturer\/anti-reflective-glass\/"},"modified":"2024-06-29T02:25:34","modified_gmt":"2024-06-29T02:25:34","slug":"anti-reflective-glass","status":"publish","type":"product","link":"https:\/\/touchscreenmfg.com\/cs\/anti-reflective-glass\/","title":{"rendered":"Antireflexn\u00ed sklo"},"content":{"rendered":"<h2 class=\"\" data-sourcepos=\"1:1-1:93\">Antireflexn\u00ed sklo: Zlep\u0161uje jasnost a sni\u017euje osln\u011bn\u00ed pro vynikaj\u00edc\u00ed vizu\u00e1ln\u00ed z\u00e1\u017eitek.<\/h2>\n<p data-sourcepos=\"3:1-3:52\">Antireflexn\u00ed sklo, zn\u00e1m\u00e9 tak\u00e9 jako antireflexn\u00ed sklo nebo nereflexn\u00ed sklo, je druh skla opat\u0159en\u00fd speci\u00e1ln\u00ed vrstvou, kter\u00e1 minimalizuje odrazy a zlep\u0161uje propustnost sv\u011btla. Tato vrstva naru\u0161uje odraz sv\u011bteln\u00fdch vln, \u010d\u00edm\u017e sni\u017euje mno\u017estv\u00ed ne\u017e\u00e1douc\u00edch odlesk\u016f a odraz\u016f, kter\u00e9 mohou br\u00e1nit jasn\u00e9mu pohledu.<\/p>\n<p data-sourcepos=\"5:1-5:42\"><strong>Kl\u00ed\u010dov\u00e9 vlastnosti antireflexn\u00edho skla:<\/strong><\/p>\n<ul data-sourcepos=\"7:1-7:23\">\n<li data-sourcepos=\"7:1-7:23\">\n<p data-sourcepos=\"7:3-7:165\"><strong>Zv\u00fd\u0161en\u00e1 srozumitelnost:<\/strong> Sklo AR v\u00fdrazn\u011b sni\u017euje povrchov\u00e9 odrazy, co\u017e umo\u017e\u0148uje jasn\u011bj\u0161\u00ed a p\u0159esn\u011bj\u0161\u00ed zobrazen\u00ed objekt\u016f nebo obraz\u016f za sklem.<\/p>\n<\/li>\n<li data-sourcepos=\"9:1-9:46\">\n<p data-sourcepos=\"9:3-9:46\"><strong>Sn\u00ed\u017een\u00ed nam\u00e1h\u00e1n\u00ed o\u010d\u00ed:<\/strong> D\u00edky minimalizaci osln\u011bn\u00ed pom\u00e1h\u00e1 sklo AR sni\u017eovat \u00fanavu o\u010d\u00ed, tak\u017ee je sledov\u00e1n\u00ed obrazovek, displej\u016f a jin\u00fdch sklen\u011bn\u00fdch povrch\u016f po del\u0161\u00ed dobu pohodln\u011bj\u0161\u00ed.<\/p>\n<\/li>\n<li data-sourcepos=\"11:1-12:0\">\n<p data-sourcepos=\"11:3-11:135\"><strong>Vylep\u0161en\u00e1 kvalita obrazu:<\/strong> Sklo AR zlep\u0161uje celkovou kvalitu obrazu t\u00edm, \u017ee sni\u017euje odrazy, kter\u00e9 mohou zkreslovat nebo zakr\u00fdvat obraz.<\/p>\n<\/li>\n<\/ul>\n<p data-sourcepos=\"13:1-13:42\"><strong>Pou\u017eit\u00ed antireflexn\u00edho skla:<\/strong><\/p>\n<ul data-sourcepos=\"15:1-17:28\">\n<li data-sourcepos=\"15:1-16:0\">\n<p data-sourcepos=\"15:3-15:165\"><strong>Br\u00fdle:<\/strong> Povlaky AR se b\u011b\u017en\u011b pou\u017e\u00edvaj\u00ed v br\u00fdl\u00edch a slune\u010dn\u00edch br\u00fdl\u00edch ke sn\u00ed\u017een\u00ed osln\u011bn\u00ed slune\u010dn\u00edm sv\u011btlem, sv\u011btlomety a dal\u0161\u00edmi zdroji, co\u017e zlep\u0161uje vid\u011bn\u00ed a pohodl\u00ed.<\/p>\n<\/li>\n<li data-sourcepos=\"17:1-17:28\">\n<p data-sourcepos=\"17:3-17:28\"><strong>Elektronick\u00e1 za\u0159\u00edzen\u00ed:<\/strong> Sklo pro roz\u0161\u00ed\u0159enou realitu se hojn\u011b pou\u017e\u00edv\u00e1 v chytr\u00fdch telefonech, tabletech, notebooc\u00edch a dal\u0161\u00edch elektronick\u00fdch za\u0159\u00edzen\u00edch, aby se zv\u00fd\u0161ila jasnost obrazovky a sn\u00ed\u017eila se z\u00e1t\u011b\u017e o\u010d\u00ed.<\/p>\n<\/li>\n<li data-sourcepos=\"19:1-20:0\">\n<p data-sourcepos=\"19:3-19:163\"><strong>Muzejn\u00ed a galerijn\u00ed expozice:<\/strong> Skla AR se pou\u017e\u00edvaj\u00ed v muze\u00edch a galeri\u00edch, aby chr\u00e1nila um\u011bleck\u00e1 d\u00edla p\u0159ed odrazy a poskytovala n\u00e1v\u0161t\u011bvn\u00edk\u016fm jasn\u011bj\u0161\u00ed pohled.<\/p>\n<\/li>\n<li data-sourcepos=\"21:1-22:0\">\n<p data-sourcepos=\"21:3-21:157\"><strong>Architektonick\u00e9 aplikace:<\/strong> Sklo AR lze pou\u017e\u00edt v oknech, st\u0159e\u0161n\u00edch oknech a dal\u0161\u00edch architektonick\u00fdch prvc\u00edch ke sn\u00ed\u017een\u00ed osln\u011bn\u00ed a zlep\u0161en\u00ed energetick\u00e9 \u00fa\u010dinnosti.<\/p>\n<\/li>\n<\/ul>\n<p data-sourcepos=\"23:1-23:316\"><strong>Antireflexn\u00ed tvrzen\u00e9 sklo<\/strong> je typ skla AR, kter\u00e9 je nav\u00edc zpevn\u011bno procesem kalen\u00ed, tak\u017ee je odoln\u011bj\u0161\u00ed proti rozbit\u00ed a po\u0161kr\u00e1b\u00e1n\u00ed. Tato kombinace antireflexn\u00edch a ochrann\u00fdch vlastnost\u00ed z n\u011bj \u010din\u00ed ide\u00e1ln\u00ed volbu pro aplikace, kde je d\u016fle\u017eit\u00e1 jak pr\u016fhlednost, tak odolnost.<\/p>\n<p data-sourcepos=\"25:1-25:141\"><strong>Antireflexn\u00ed sklo<\/strong> je jin\u00fd v\u00fdraz pro antireflexn\u00ed sklo. \u010casto se pou\u017e\u00edv\u00e1 zam\u011bniteln\u011b se slovy \"AR sklo\" a \"nereflexn\u00ed sklo\".<\/p>","protected":false},"excerpt":{"rendered":"<p>Antireflexn\u00ed sklo je cenn\u00e1 technologie, kter\u00e1 nab\u00edz\u00ed v\u00fdznamn\u00e9 v\u00fdhody pro r\u016fzn\u00e9 aplikace. Zvy\u0161uje jasnost, sni\u017euje osln\u011bn\u00ed a zlep\u0161uje estetiku, tak\u017ee je preferovanou volbou v situac\u00edch, kdy je d\u016fle\u017eit\u00e1 optim\u00e1ln\u00ed viditelnost a u\u017eivatelsk\u00fd komfort.<\/p>","protected":false},"featured_media":1581,"template":"","meta":[],"product_cat":[15],"product_tag":[],"_links":{"self":[{"href":"https:\/\/touchscreenmfg.com\/cs\/wp-json\/wp\/v2\/product\/1620"}],"collection":[{"href":"https:\/\/touchscreenmfg.com\/cs\/wp-json\/wp\/v2\/product"}],"about":[{"href":"https:\/\/touchscreenmfg.com\/cs\/wp-json\/wp\/v2\/types\/product"}],"wp:featuredmedia":[{"embeddable":true,"href":"https:\/\/touchscreenmfg.com\/cs\/wp-json\/wp\/v2\/media\/1581"}],"wp:attachment":[{"href":"https:\/\/touchscreenmfg.com\/cs\/wp-json\/wp\/v2\/media?parent=1620"}],"wp:term":[{"taxonomy":"product_cat","embeddable":true,"href":"https:\/\/touchscreenmfg.com\/cs\/wp-json\/wp\/v2\/product_cat?post=1620"},{"taxonomy":"product_tag","embeddable":true,"href":"https:\/\/touchscreenmfg.com\/cs\/wp-json\/wp\/v2\/product_tag?post=1620"}],"curies":[{"name":"wp","href":"https:\/\/api.w.org\/{rel}","templated":true}]}}