{"id":1619,"date":"2024-06-29T01:06:11","date_gmt":"2024-06-29T01:06:11","guid":{"rendered":"https:\/\/touchscreenmfg.com\/manufacturer\/aio-pc-cover-glass\/"},"modified":"2024-06-29T02:32:50","modified_gmt":"2024-06-29T02:32:50","slug":"aio-pc-cover-glass","status":"publish","type":"product","link":"https:\/\/touchscreenmfg.com\/cs\/aio-pc-cover-glass\/","title":{"rendered":"Kryc\u00ed sklo pro AIO PC"},"content":{"rendered":"<h2 class=\"\" data-sourcepos=\"3:1-3:89\">Kryc\u00ed sklo pro AIO PC: Vylep\u0161ete estetiku sv\u00e9ho AIO po\u010d\u00edta\u010de elegantn\u00ed a stylovou ochranou.<\/h2>\n<p data-sourcepos=\"5:1-5:54\">Kryc\u00ed sklo pro po\u010d\u00edta\u010de AIO, zn\u00e1m\u00e9 tak\u00e9 jako 3D kryc\u00ed sklo, je prvot\u0159\u00eddn\u00ed sklen\u011bn\u00fd panel ur\u010den\u00fd k vylep\u0161en\u00ed vzhledu a ochran\u011b po\u010d\u00edta\u010de All-in-One (AIO). Tyto stylov\u00e9 sklen\u011bn\u00e9 kryty nab\u00edzej\u00ed jedine\u010dnou kombinaci estetick\u00e9ho vzhledu a funk\u010dn\u00edch v\u00fdhod a prom\u011bn\u00ed v\u00e1\u0161 po\u010d\u00edta\u010d AIO v \u00fast\u0159edn\u00ed prvek va\u0161eho pracovn\u00edho prostoru nebo sestavy pro dom\u00e1c\u00ed z\u00e1bavu.<\/p>\n<p data-sourcepos=\"7:1-7:39\"><strong>Kl\u00ed\u010dov\u00e9 vlastnosti :<\/strong><\/p>\n<ul data-sourcepos=\"9:1-9:9\">\n<li data-sourcepos=\"9:1-9:9\">\n<p data-sourcepos=\"9:3-9:199\"><strong>Elegantn\u00ed a modern\u00ed design:<\/strong> Kryc\u00ed sklo po\u010d\u00edta\u010de AIO m\u00e1 elegantn\u00ed a modern\u00ed design, kter\u00fd dopl\u0148uje minimalistickou estetiku po\u010d\u00edta\u010d\u016f AIO a dod\u00e1v\u00e1 va\u0161\u00ed sestav\u011b n\u00e1dech elegance a sofistikovanosti.<\/p>\n<\/li>\n<li data-sourcepos=\"11:1-12:0\">\n<p data-sourcepos=\"11:3-11:189\"><strong>Vylep\u0161en\u00e1 vizu\u00e1ln\u00ed p\u0159ita\u017elivost:<\/strong> Pr\u016fhledn\u00e9 sklo umo\u017e\u0148uje prosv\u00edtat vnit\u0159n\u00edm komponent\u00e1m po\u010d\u00edta\u010de AIO a vytv\u00e1\u0159\u00ed tak vizu\u00e1ln\u011b ohromuj\u00edc\u00ed efekt, kter\u00fd ukazuje technologie uvnit\u0159 po\u010d\u00edta\u010de.<\/p>\n<\/li>\n<li data-sourcepos=\"13:1-13:125\">\n<p data-sourcepos=\"13:3-13:125\"><strong>3D Edge Design:<\/strong> Mnoh\u00e9 panely kryc\u00edho skla pro AIO PC maj\u00ed 3D design hran, kter\u00fd ladn\u011b obt\u00e9k\u00e1 okraje AIO PC a poskytuje hladk\u00fd a rafinovan\u00fd vzhled.<\/p>\n<\/li>\n<li data-sourcepos=\"15:1-16:0\">\n<p data-sourcepos=\"15:3-15:211\"><strong>Odolnost proti po\u0161kr\u00e1b\u00e1n\u00ed a n\u00e1razu:<\/strong> Obvykle je vyroben z tvrzen\u00e9ho skla, kter\u00e9 je vysoce odoln\u00e9 proti po\u0161kr\u00e1b\u00e1n\u00ed, n\u00e1raz\u016fm a otisk\u016fm prst\u016f, co\u017e zaji\u0161\u0165uje dlouhotrvaj\u00edc\u00ed ochranu va\u0161eho po\u010d\u00edta\u010de AIO.<\/p>\n<\/li>\n<\/ul>\n<p data-sourcepos=\"17:1-17:39\"><strong>Aplikace:<\/strong><\/p>\n<ul data-sourcepos=\"19:1-24:0\">\n<li data-sourcepos=\"19:1-20:0\">\n<p data-sourcepos=\"19:3-19:171\"><strong>Po\u010d\u00edta\u010de AIO:<\/strong> Kryc\u00ed sklo pro po\u010d\u00edta\u010de AIO je speci\u00e1ln\u011b navr\u017eeno pro po\u010d\u00edta\u010de AIO, dokonale do nich zapad\u00e1 a zlep\u0161uje celkov\u00fd vzhled t\u011bchto kompaktn\u00edch stoln\u00edch po\u010d\u00edta\u010d\u016f.<\/p>\n<\/li>\n<li data-sourcepos=\"21:1-22:0\">\n<p data-sourcepos=\"21:3-21:207\"><strong>Dom\u00e1c\u00ed z\u00e1bavn\u00ed centra:<\/strong> Po\u010d\u00edta\u010de AIO se \u010dasto pou\u017e\u00edvaj\u00ed jako sou\u010d\u00e1st dom\u00e1c\u00edch z\u00e1bavn\u00edch center a mohou zv\u00fd\u0161it estetick\u00fd dojem t\u011bchto sestav a u\u010dinit z nich \u00fast\u0159edn\u00ed bod m\u00edstnosti.<\/p>\n<\/li>\n<li data-sourcepos=\"23:1-24:0\">\n<p data-sourcepos=\"23:3-23:174\"><strong>Pracovn\u00ed prostory:<\/strong> Po\u010d\u00edta\u010de AIO jsou st\u00e1le obl\u00edben\u011bj\u0161\u00ed i v pracovn\u00edch prostorech a kryc\u00ed sklo po\u010d\u00edta\u010de AIO m\u016f\u017ee dodat profesion\u00e1ln\u00ed a stylov\u00fd n\u00e1dech ka\u017ed\u00e9mu kancel\u00e1\u0159sk\u00e9mu prost\u0159ed\u00ed.<\/p>\n<\/li>\n<\/ul>","protected":false},"excerpt":{"rendered":"<p>Kryc\u00ed sklo pro AIO PC je cenn\u00fdm dopl\u0148kem ka\u017ed\u00e9ho AIO PC, kter\u00fd nab\u00edz\u00ed kombinaci estetick\u00e9ho vylep\u0161en\u00ed a funk\u010dn\u00ed ochrany. D\u00edky sv\u00e9mu elegantn\u00edmu designu, 3D detail\u016fm na hran\u00e1ch a vlastnostem odoln\u00fdm proti po\u0161kr\u00e1b\u00e1n\u00ed prom\u011bn\u00ed kryc\u00ed sklo AIO PC Cover Glass v\u00e1\u0161 AIO PC ve stylov\u00fd a chr\u00e1n\u011bn\u00fd v\u00fdjime\u010dn\u00fd kousek.<\/p>","protected":false},"featured_media":1580,"template":"","meta":[],"product_cat":[15],"product_tag":[],"_links":{"self":[{"href":"https:\/\/touchscreenmfg.com\/cs\/wp-json\/wp\/v2\/product\/1619"}],"collection":[{"href":"https:\/\/touchscreenmfg.com\/cs\/wp-json\/wp\/v2\/product"}],"about":[{"href":"https:\/\/touchscreenmfg.com\/cs\/wp-json\/wp\/v2\/types\/product"}],"wp:featuredmedia":[{"embeddable":true,"href":"https:\/\/touchscreenmfg.com\/cs\/wp-json\/wp\/v2\/media\/1580"}],"wp:attachment":[{"href":"https:\/\/touchscreenmfg.com\/cs\/wp-json\/wp\/v2\/media?parent=1619"}],"wp:term":[{"taxonomy":"product_cat","embeddable":true,"href":"https:\/\/touchscreenmfg.com\/cs\/wp-json\/wp\/v2\/product_cat?post=1619"},{"taxonomy":"product_tag","embeddable":true,"href":"https:\/\/touchscreenmfg.com\/cs\/wp-json\/wp\/v2\/product_tag?post=1619"}],"curies":[{"name":"wp","href":"https:\/\/api.w.org\/{rel}","templated":true}]}}