{"id":1618,"date":"2024-06-29T01:06:11","date_gmt":"2024-06-29T01:06:11","guid":{"rendered":"https:\/\/touchscreenmfg.com\/manufacturer\/cover-lens\/"},"modified":"2024-06-29T02:42:53","modified_gmt":"2024-06-29T02:42:53","slug":"cover-lens","status":"publish","type":"product","link":"https:\/\/touchscreenmfg.com\/cs\/cover-lens\/","title":{"rendered":"Kryc\u00ed \u010do\u010dka"},"content":{"rendered":"<h2 class=\"\" data-sourcepos=\"1:1-1:69\">Krytka objektivu: P\u0159esn\u00e1 ochrana a vylep\u0161en\u00ed optick\u00fdch \u010do\u010dek<\/h2>\n<p data-sourcepos=\"3:1-3:129\">Ochrann\u00e9 \u010do\u010dky jsou optick\u00e9 komponenty, kter\u00e9 se umis\u0165uj\u00ed na prim\u00e1rn\u00ed \u010do\u010dky, aby je chr\u00e1nily p\u0159ed po\u0161kr\u00e1b\u00e1n\u00edm, prachem a dal\u0161\u00edmi \u0161kodliv\u00fdmi vlivy. Hraj\u00ed kl\u00ed\u010dovou roli v r\u016fzn\u00fdch aplikac\u00edch a zaji\u0161\u0165uj\u00ed dlouhou \u017eivotnost a optim\u00e1ln\u00ed v\u00fdkon optick\u00fdch syst\u00e9m\u016f.<\/p>\n<p data-sourcepos=\"5:1-5:30\"><strong>Kl\u00ed\u010dov\u00e9 vlastnosti:<\/strong><\/p>\n<ul data-sourcepos=\"7:1-9:14\">\n<li data-sourcepos=\"7:1-8:0\">\n<p data-sourcepos=\"7:3-7:154\"><strong>Ochrana:<\/strong> Kryc\u00ed \u010do\u010dky funguj\u00ed jako bari\u00e9ra, kter\u00e1 chr\u00e1n\u00ed prim\u00e1rn\u00ed \u010do\u010dky p\u0159ed po\u0161kr\u00e1b\u00e1n\u00edm, od\u0159en\u00edm a jin\u00fdm fyzick\u00fdm po\u0161kozen\u00edm zp\u016fsoben\u00fdm vn\u011bj\u0161\u00edmi vlivy.<\/p>\n<\/li>\n<li data-sourcepos=\"9:1-9:14\">\n<p data-sourcepos=\"9:3-9:14\"><strong>Odolnost:<\/strong> Obvykle jsou vyrobeny z odoln\u00fdch materi\u00e1l\u016f, jako je sklo nebo plast, co\u017e zaru\u010duje, \u017ee vydr\u017e\u00ed pravideln\u00e9 pou\u017e\u00edv\u00e1n\u00ed a drsn\u00e9 prost\u0159ed\u00ed.<\/p>\n<\/li>\n<li data-sourcepos=\"11:1-11:41\">\n<p data-sourcepos=\"11:3-11:41\"><strong>Optick\u00e1 \u010distota:<\/strong> Vysoce kvalitn\u00ed kryc\u00ed \u010do\u010dky si zachov\u00e1vaj\u00ed vynikaj\u00edc\u00ed optickou \u010distotu, umo\u017e\u0148uj\u00ed pr\u016fchod sv\u011btla bez zkreslen\u00ed a zachov\u00e1vaj\u00ed kvalitu obrazu prim\u00e1rn\u00edho objektivu.<\/p>\n<\/li>\n<li data-sourcepos=\"13:1-14:0\">\n<p data-sourcepos=\"13:3-13:133\"><strong>V\u0161estrannost:<\/strong> Jsou k dispozici v r\u016fzn\u00fdch tvarech, velikostech a tlou\u0161\u0165k\u00e1ch, aby vyhovovaly \u0161irok\u00e9 \u0161k\u00e1le optick\u00fdch aplikac\u00ed.<\/p>\n<\/li>\n<\/ul>\n<p data-sourcepos=\"15:1-15:33\"><strong>Aplikace:<\/strong><\/p>\n<ul data-sourcepos=\"17:1-21:47\">\n<li data-sourcepos=\"17:1-18:0\">\n<p data-sourcepos=\"17:3-17:177\"><strong>Objektivy fotoapar\u00e1t\u016f a videokamer:<\/strong> Krytky objektiv\u016f jsou nezbytn\u00e9 pro ochranu objektiv\u016f fotoapar\u00e1t\u016f a videokamer p\u0159ed po\u0161kr\u00e1b\u00e1n\u00edm, prachem a otisky prst\u016f a zaji\u0161\u0165uj\u00ed ostr\u00fd a \u010dist\u00fd obraz.<\/p>\n<\/li>\n<li data-sourcepos=\"19:1-20:0\">\n<p data-sourcepos=\"19:3-19:169\"><strong>Dalekohledy a teleskopy:<\/strong> Kryc\u00ed \u010do\u010dky chr\u00e1n\u00ed objektivy a okul\u00e1ry dalekohled\u016f a teleskop\u016f a zabra\u0148uj\u00ed jejich po\u0161kozen\u00ed prachem, vlhkost\u00ed a n\u00e1razy.<\/p>\n<\/li>\n<li data-sourcepos=\"21:1-21:47\">\n<p data-sourcepos=\"21:3-21:47\"><strong>Zdravotnick\u00e9 prost\u0159edky:<\/strong> Pou\u017e\u00edvaj\u00ed se v l\u00e9ka\u0159sk\u00fdch p\u0159\u00edstroj\u00edch, jako jsou mikroskopy a endoskopy, aby chr\u00e1nily citliv\u00e9 optick\u00e9 sou\u010d\u00e1sti p\u0159ed zne\u010di\u0161t\u011bn\u00edm a po\u0161kozen\u00edm.<\/p>\n<\/li>\n<li data-sourcepos=\"23:1-24:0\">\n<p data-sourcepos=\"23:3-23:161\"><strong>Pr\u016fmyslov\u00e9 aplikace:<\/strong> Pou\u017e\u00edvaj\u00ed se v pr\u016fmyslov\u00e9m prost\u0159ed\u00ed k ochran\u011b senzor\u016f, laser\u016f a dal\u0161\u00edch optick\u00fdch komponent p\u0159ed nep\u0159\u00edzniv\u00fdmi vlivy prost\u0159ed\u00ed.<\/p>\n<\/li>\n<\/ul>\n<p data-sourcepos=\"25:1-25:269\">Le\u0161t\u011bn\u00ed optick\u00fdch \u010do\u010dek je kl\u00ed\u010dov\u00fd proces, kter\u00fd zaji\u0161\u0165uje, \u017ee si kryc\u00ed \u010do\u010dky zachovaj\u00ed svou optickou \u010distotu a p\u0159en\u00e1\u0161ej\u00ed sv\u011btlo bez zkreslen\u00ed. Le\u0161t\u011bn\u00edm se z povrchu \u010do\u010dek odstran\u00ed mikroskopick\u00e9 nedokonalosti a nepravidelnosti a v\u00fdsledkem je hladk\u00fd a \u010dist\u00fd povrch.<\/p>","protected":false},"excerpt":{"rendered":"<p>Kryc\u00ed \u010do\u010dka je cennou investic\u00ed pro ka\u017ed\u00e9 za\u0159\u00edzen\u00ed s dotykovou obrazovkou nebo citliv\u00fdm displejem. Poskytuje nezbytnou ochranu a z\u00e1rove\u0148 potenci\u00e1ln\u011b zvy\u0161uje u\u017eivatelsk\u00fd komfort.<\/p>","protected":false},"featured_media":1579,"template":"","meta":[],"product_cat":[15],"product_tag":[],"_links":{"self":[{"href":"https:\/\/touchscreenmfg.com\/cs\/wp-json\/wp\/v2\/product\/1618"}],"collection":[{"href":"https:\/\/touchscreenmfg.com\/cs\/wp-json\/wp\/v2\/product"}],"about":[{"href":"https:\/\/touchscreenmfg.com\/cs\/wp-json\/wp\/v2\/types\/product"}],"wp:featuredmedia":[{"embeddable":true,"href":"https:\/\/touchscreenmfg.com\/cs\/wp-json\/wp\/v2\/media\/1579"}],"wp:attachment":[{"href":"https:\/\/touchscreenmfg.com\/cs\/wp-json\/wp\/v2\/media?parent=1618"}],"wp:term":[{"taxonomy":"product_cat","embeddable":true,"href":"https:\/\/touchscreenmfg.com\/cs\/wp-json\/wp\/v2\/product_cat?post=1618"},{"taxonomy":"product_tag","embeddable":true,"href":"https:\/\/touchscreenmfg.com\/cs\/wp-json\/wp\/v2\/product_tag?post=1618"}],"curies":[{"name":"wp","href":"https:\/\/api.w.org\/{rel}","templated":true}]}}