{"id":1617,"date":"2024-06-29T01:06:11","date_gmt":"2024-06-29T01:06:11","guid":{"rendered":"https:\/\/touchscreenmfg.com\/manufacturer\/gaming-glass\/"},"modified":"2024-06-29T02:51:17","modified_gmt":"2024-06-29T02:51:17","slug":"gaming-glass","status":"publish","type":"product","link":"https:\/\/touchscreenmfg.com\/cs\/gaming-glass\/","title":{"rendered":"Hern\u00ed sklo"},"content":{"rendered":"<h2 class=\"\" data-sourcepos=\"1:1-1:81\">Hern\u00ed sklo: Zlep\u0161ete sv\u016fj hern\u00ed z\u00e1\u017eitek d\u00edky ochran\u011b o\u010d\u00ed a pohodl\u00ed.<\/h2>\n<p data-sourcepos=\"3:1-3:118\">Hern\u00ed br\u00fdle, zn\u00e1m\u00e9 tak\u00e9 jako hr\u00e1\u010dsk\u00e1 skla, jsou specializovan\u00e9 br\u00fdle navr\u017een\u00e9 pro zv\u00fd\u0161en\u00ed pohodl\u00ed a sn\u00ed\u017een\u00ed nam\u00e1h\u00e1n\u00ed o\u010d\u00ed p\u0159i del\u0161\u00edm hran\u00ed her. Tyto br\u00fdle maj\u00ed obvykle n\u011bkolik kl\u00ed\u010dov\u00fdch vlastnost\u00ed, kter\u00e9 vyhovuj\u00ed specifick\u00fdm pot\u0159eb\u00e1m hr\u00e1\u010d\u016f.<\/p>\n<p data-sourcepos=\"5:1-5:35\"><strong>Kl\u00ed\u010dov\u00e9 vlastnosti:<\/strong><\/p>\n<ul data-sourcepos=\"7:1-9:66\">\n<li data-sourcepos=\"7:1-8:0\">\n<p data-sourcepos=\"7:3-7:300\"><strong>\u010co\u010dky blokuj\u00edc\u00ed modr\u00e9 sv\u011btlo:<\/strong> \u010casto obsahuj\u00ed \u010do\u010dky blokuj\u00edc\u00ed modr\u00e9 sv\u011btlo, kter\u00e9 odfiltruj\u00ed \u010d\u00e1st modr\u00e9ho sv\u011btla vyza\u0159ovan\u00e9ho z digit\u00e1ln\u00edch obrazovek. Modr\u00e9 sv\u011btlo m\u016f\u017ee naru\u0161ovat sp\u00e1nek a p\u0159isp\u00edvat k \u00fanav\u011b o\u010d\u00ed, tak\u017ee sn\u00ed\u017een\u00ed expozice m\u016f\u017ee zv\u00fd\u0161it pohodl\u00ed a celkovou pohodu.<\/p>\n<\/li>\n<li data-sourcepos=\"9:1-9:66\">\n<p data-sourcepos=\"9:3-9:66\"><strong>Povlak proti osln\u011bn\u00ed:<\/strong> B\u011b\u017en\u011b jsou vybaveny antireflexn\u00ed vrstvou, kter\u00e1 minimalizuje odrazy od okoln\u00edch sv\u011bteln\u00fdch zdroj\u016f, sni\u017euje \u00fanavu o\u010d\u00ed a zlep\u0161uje viditelnost obrazovky, zejm\u00e9na ve slab\u011b osv\u011btlen\u00e9m prost\u0159ed\u00ed.<\/p>\n<\/li>\n<li data-sourcepos=\"11:1-12:0\">\n<p data-sourcepos=\"11:3-11:176\"><strong>Pohodln\u00e9 r\u00e1my:<\/strong> Obvykle jsou navr\u017eeny s lehk\u00fdmi a pohodln\u00fdmi obrou\u010dkami, aby se minimalizovala hmotnost a tlak na obli\u010dej b\u011bhem dlouh\u00fdch hern\u00edch seanc\u00ed.<\/p>\n<\/li>\n<li data-sourcepos=\"13:1-14:0\">\n<p data-sourcepos=\"13:3-13:159\"><strong>R\u016fzn\u00e9 styly:<\/strong> Vyr\u00e1b\u011bj\u00ed se v \u0161irok\u00e9 \u0161k\u00e1le styl\u016f, kter\u00e9 vyhovuj\u00ed r\u016fzn\u00fdm preferenc\u00edm, od elegantn\u00edch a modern\u00edch design\u016f a\u017e po tradi\u010dn\u011bj\u0161\u00ed obrou\u010dky.<\/p>\n<\/li>\n<\/ul>\n<p data-sourcepos=\"15:1-15:35\"><strong>Aplikace:<\/strong><\/p>\n<ul data-sourcepos=\"17:1-19:78\">\n<li data-sourcepos=\"17:1-18:0\">\n<p data-sourcepos=\"17:3-17:119\"><strong>Hran\u00ed na PC:<\/strong> Pou\u017e\u00edvaj\u00ed je p\u0159edev\u0161\u00edm hr\u00e1\u010di po\u010d\u00edta\u010dov\u00fdch her, kte\u0159\u00ed tr\u00e1v\u00ed del\u0161\u00ed dobu z\u00edr\u00e1n\u00edm na obrazovku po\u010d\u00edta\u010de.<\/p>\n<\/li>\n<li data-sourcepos=\"19:1-19:78\">\n<p data-sourcepos=\"19:3-19:78\"><strong>Hran\u00ed na konzol\u00edch:<\/strong> Hern\u00ed br\u00fdle mohou vyu\u017e\u00edt i hr\u00e1\u010di na konzol\u00edch, zejm\u00e9na pokud hraj\u00ed v tmav\u00fdch m\u00edstnostech nebo dlouh\u00e9 hodiny.<\/p>\n<\/li>\n<li data-sourcepos=\"21:1-22:0\">\n<p data-sourcepos=\"21:3-21:166\"><strong>Sout\u011b\u017en\u00ed hran\u00ed:<\/strong> Profesion\u00e1ln\u00ed a sout\u011b\u017eiv\u00ed hr\u00e1\u010di \u010dasto pou\u017e\u00edvaj\u00ed hern\u00ed br\u00fdle, aby si udr\u017eeli optim\u00e1ln\u00ed soust\u0159ed\u011bn\u00ed a sn\u00ed\u017eili nam\u00e1h\u00e1n\u00ed o\u010d\u00ed b\u011bhem intenzivn\u00edch hern\u00edch seanc\u00ed.<\/p>\n<\/li>\n<\/ul>","protected":false},"excerpt":{"rendered":"<p>Hern\u00ed skla jsou ochrann\u00e1 tvrzen\u00e1 skla ur\u010den\u00e1 speci\u00e1ln\u011b pro hern\u00ed za\u0159\u00edzen\u00ed.Stejn\u011b jako b\u011b\u017en\u00e1 ochrann\u00e1 tvrzen\u00e1 skla maj\u00ed za c\u00edl chr\u00e1nit citliv\u00fd displej hern\u00edho za\u0159\u00edzen\u00ed p\u0159ed po\u0161kr\u00e1b\u00e1n\u00edm a n\u00e1razy.<\/p>","protected":false},"featured_media":1578,"template":"","meta":[],"product_cat":[15],"product_tag":[],"_links":{"self":[{"href":"https:\/\/touchscreenmfg.com\/cs\/wp-json\/wp\/v2\/product\/1617"}],"collection":[{"href":"https:\/\/touchscreenmfg.com\/cs\/wp-json\/wp\/v2\/product"}],"about":[{"href":"https:\/\/touchscreenmfg.com\/cs\/wp-json\/wp\/v2\/types\/product"}],"wp:featuredmedia":[{"embeddable":true,"href":"https:\/\/touchscreenmfg.com\/cs\/wp-json\/wp\/v2\/media\/1578"}],"wp:attachment":[{"href":"https:\/\/touchscreenmfg.com\/cs\/wp-json\/wp\/v2\/media?parent=1617"}],"wp:term":[{"taxonomy":"product_cat","embeddable":true,"href":"https:\/\/touchscreenmfg.com\/cs\/wp-json\/wp\/v2\/product_cat?post=1617"},{"taxonomy":"product_tag","embeddable":true,"href":"https:\/\/touchscreenmfg.com\/cs\/wp-json\/wp\/v2\/product_tag?post=1617"}],"curies":[{"name":"wp","href":"https:\/\/api.w.org\/{rel}","templated":true}]}}