{"id":1616,"date":"2024-06-29T01:06:11","date_gmt":"2024-06-29T01:06:11","guid":{"rendered":"https:\/\/touchscreenmfg.com\/manufacturer\/3d-cover-glass\/"},"modified":"2024-06-29T03:02:20","modified_gmt":"2024-06-29T03:02:20","slug":"3d-cover-glass","status":"publish","type":"product","link":"https:\/\/touchscreenmfg.com\/cs\/3d-cover-glass\/","title":{"rendered":"3D kryc\u00ed sklo"},"content":{"rendered":"<h2 class=\"\" data-sourcepos=\"1:1-1:67\">3D kryc\u00ed sklo: Tvo\u0159\u00ed budoucnost elegantn\u00edch a odoln\u00fdch displej\u016f<\/h2>\n<p data-sourcepos=\"3:1-3:68\">3D kryc\u00ed sklo, zn\u00e1m\u00e9 tak\u00e9 jako zak\u0159iven\u00e9 kryc\u00ed sklo, je revolu\u010dn\u00ed typ skla, kter\u00fd m\u011bn\u00ed design a funk\u010dnost elektronick\u00fdch za\u0159\u00edzen\u00ed. Na rozd\u00edl od tradi\u010dn\u00edch ploch\u00fdch kryc\u00edch skel se vyzna\u010duje zak\u0159iven\u00fdm tvarem, kter\u00fd dokonale odpov\u00edd\u00e1 kontur\u00e1m modern\u00edch zak\u0159iven\u00fdch displej\u016f. Tento inovativn\u00ed design nab\u00edz\u00ed oproti ploch\u00e9mu kryc\u00edmu sklu \u0159adu v\u00fdhod, a proto je preferov\u00e1n jak v\u00fdrobci, tak spot\u0159ebiteli.<\/p>\n<p data-sourcepos=\"5:1-5:2\"><strong>Kl\u00ed\u010dov\u00e9 vlastnosti:<\/strong><\/p>\n<ul data-sourcepos=\"7:1-7:103\">\n<li data-sourcepos=\"7:1-7:103\">\n<p class=\"\" data-sourcepos=\"7:3-7:170\"><strong class=\"\">Elegantn\u00ed a uhlazen\u00fd design:<\/strong> Vylep\u0161uje estetiku za\u0159\u00edzen\u00ed t\u00edm, \u017ee vytv\u00e1\u0159\u00ed hladk\u00fd souvisl\u00fd povrch, kter\u00fd plynule spl\u00fdv\u00e1 se zak\u0159iven\u00fdm displejem.<\/p>\n<\/li>\n<li data-sourcepos=\"9:1-10:0\">\n<p data-sourcepos=\"9:3-9:177\"><strong>Zv\u00fd\u0161en\u00e1 odolnost:<\/strong> Zak\u0159iven\u00fd tvar kryc\u00edho skla 3D poskytuje lep\u0161\u00ed struktur\u00e1ln\u00ed podporu, tak\u017ee je ve srovn\u00e1n\u00ed s ploch\u00fdm kryc\u00edm sklem odoln\u011bj\u0161\u00ed proti n\u00e1raz\u016fm a po\u0161kr\u00e1b\u00e1n\u00ed.<\/p>\n<\/li>\n<li data-sourcepos=\"11:1-12:0\">\n<p data-sourcepos=\"11:3-11:160\"><strong>Vylep\u0161en\u00fd displej Edge-to-Edge:<\/strong> Umo\u017e\u0148uje zobrazen\u00ed od okraje k okraji, \u010d\u00edm\u017e maximalizuje zobrazovac\u00ed plochu a vytv\u00e1\u0159\u00ed p\u016fsobiv\u011bj\u0161\u00ed u\u017eivatelsk\u00fd z\u00e1\u017eitek.<\/p>\n<\/li>\n<li data-sourcepos=\"13:1-13:105\">\n<p data-sourcepos=\"13:3-13:105\"><strong>Kompatibilita s dotykov\u00fdm displejem:<\/strong> Je pln\u011b kompatibiln\u00ed s technologi\u00ed dotykov\u00e9 obrazovky a zaji\u0161\u0165uje bezprobl\u00e9movou dotykovou interakci.<\/p>\n<\/li>\n<\/ul>\n<p data-sourcepos=\"15:1-15:35\"><strong>Aplikace:<\/strong><\/p>\n<ul data-sourcepos=\"17:1-24:0\">\n<li data-sourcepos=\"17:1-18:0\">\n<p data-sourcepos=\"17:3-17:135\"><strong>Chytr\u00e9 telefony:<\/strong> Hojn\u011b se pou\u017e\u00edv\u00e1 ve \u0161pi\u010dkov\u00fdch chytr\u00fdch telefonech a p\u0159isp\u00edv\u00e1 k jejich elegantn\u00edmu designu a odoln\u00e9 konstrukci.<\/p>\n<\/li>\n<li data-sourcepos=\"19:1-20:0\">\n<p data-sourcepos=\"19:3-19:118\"><strong>Tablety:<\/strong> Tablety st\u00e1le \u010dast\u011bji pou\u017e\u00edvaj\u00ed kryc\u00ed sklo 3D kv\u016fli v\u011bt\u0161\u00edm displej\u016fm a lep\u0161\u00edmu u\u017eivatelsk\u00e9mu z\u00e1\u017eitku.<\/p>\n<\/li>\n<li data-sourcepos=\"21:1-22:0\">\n<p data-sourcepos=\"21:3-21:113\"><strong>Notebooky:<\/strong> N\u011bkter\u00e9 pr\u00e9miov\u00e9 notebooky jsou vybaveny kryc\u00edm sklem 3D Cover Glass pro sv\u00e9 dotykov\u00e9 displeje a elegantn\u00ed estetiku.<\/p>\n<\/li>\n<li data-sourcepos=\"23:1-24:0\">\n<p data-sourcepos=\"23:3-23:146\"><strong>Chytr\u00e9 hodinky:<\/strong>Nach\u00e1z\u00ed si cestu do chytr\u00fdch hodinek a poskytuje odoln\u011bj\u0161\u00ed a vizu\u00e1ln\u011b atraktivn\u011bj\u0161\u00ed kryt jejich displej\u016f.<\/p>\n<\/li>\n<\/ul>","protected":false},"excerpt":{"rendered":"<p>3D kryc\u00ed sklo m\u011bn\u00ed pravidla hry ve sv\u011bt\u011b elektronick\u00fdch za\u0159\u00edzen\u00ed a nab\u00edz\u00ed kombinaci elegantn\u00edho designu, zv\u00fd\u0161en\u00e9 odolnosti a lep\u0161\u00edch zobrazovac\u00edch schopnost\u00ed. S technologick\u00fdm pokrokem se chyst\u00e1 je\u0161t\u011b v\u00edce roz\u0161\u00ed\u0159it a utv\u00e1\u0159et budoucnost chytr\u00fdch telefon\u016f, tablet\u016f, notebook\u016f a dal\u0161\u00edch za\u0159\u00edzen\u00ed.<\/p>","protected":false},"featured_media":1577,"template":"","meta":[],"product_cat":[15],"product_tag":[],"_links":{"self":[{"href":"https:\/\/touchscreenmfg.com\/cs\/wp-json\/wp\/v2\/product\/1616"}],"collection":[{"href":"https:\/\/touchscreenmfg.com\/cs\/wp-json\/wp\/v2\/product"}],"about":[{"href":"https:\/\/touchscreenmfg.com\/cs\/wp-json\/wp\/v2\/types\/product"}],"wp:featuredmedia":[{"embeddable":true,"href":"https:\/\/touchscreenmfg.com\/cs\/wp-json\/wp\/v2\/media\/1577"}],"wp:attachment":[{"href":"https:\/\/touchscreenmfg.com\/cs\/wp-json\/wp\/v2\/media?parent=1616"}],"wp:term":[{"taxonomy":"product_cat","embeddable":true,"href":"https:\/\/touchscreenmfg.com\/cs\/wp-json\/wp\/v2\/product_cat?post=1616"},{"taxonomy":"product_tag","embeddable":true,"href":"https:\/\/touchscreenmfg.com\/cs\/wp-json\/wp\/v2\/product_tag?post=1616"}],"curies":[{"name":"wp","href":"https:\/\/api.w.org\/{rel}","templated":true}]}}