{"id":1615,"date":"2024-06-29T01:06:11","date_gmt":"2024-06-29T01:06:11","guid":{"rendered":"https:\/\/touchscreenmfg.com\/manufacturer\/chemically-tempered-cover-glass\/"},"modified":"2024-06-29T03:26:40","modified_gmt":"2024-06-29T03:26:40","slug":"chemically-tempered-cover-glass","status":"publish","type":"product","link":"https:\/\/touchscreenmfg.com\/cs\/chemically-tempered-cover-glass\/","title":{"rendered":"Chemicky tvrzen\u00e9 kryc\u00ed sklo"},"content":{"rendered":"<h2 class=\"\" data-sourcepos=\"1:1-1:91\">Chemicky tvrzen\u00e9 kryc\u00ed sklo: Zv\u00fd\u0161en\u00ed odolnosti a pr\u016fhlednosti elektronick\u00fdch za\u0159\u00edzen\u00ed<\/h2>\n<p data-sourcepos=\"3:1-3:72\">Chemicky tvrzen\u00e9 kryc\u00ed sklo, zn\u00e1m\u00e9 tak\u00e9 jako sklo s iontovou v\u00fdm\u011bnou, je typ skla, kter\u00e9 bylo chemicky upraveno, aby se zv\u00fd\u0161ila jeho pevnost a odolnost. Tento proces, kter\u00fd obvykle zahrnuje v\u00fdm\u011bnu sod\u00edkov\u00fdch iont\u016f ve skle za draseln\u00e9, vytv\u00e1\u0159\u00ed na povrchu vrstvu tlakov\u00e9ho nap\u011bt\u00ed, d\u00edky n\u00ed\u017e je sklo odoln\u011bj\u0161\u00ed proti po\u0161kr\u00e1b\u00e1n\u00ed, n\u00e1raz\u016fm a tepeln\u00fdm \u0161ok\u016fm.<\/p>\n<p data-sourcepos=\"5:1-5:49\"><strong>Kl\u00ed\u010dov\u00e9 vlastnosti:<\/strong><\/p>\n<ul data-sourcepos=\"7:1-9:1\">\n<li data-sourcepos=\"7:1-8:0\">\n<p data-sourcepos=\"7:3-7:166\"><strong>Zv\u00fd\u0161en\u00e1 s\u00edla:<\/strong> Je obvykle \u0161estkr\u00e1t a\u017e osmkr\u00e1t pevn\u011bj\u0161\u00ed ne\u017e b\u011b\u017en\u00e9 sklo, tak\u017ee je m\u00e9n\u011b n\u00e1chyln\u00e9 k rozbit\u00ed a po\u0161kr\u00e1b\u00e1n\u00ed.<\/p>\n<\/li>\n<li data-sourcepos=\"9:1-9:1\">\n<p data-sourcepos=\"9:3-9:140\"><strong>Optick\u00e1 \u010distota:<\/strong> Procesem v\u00fdm\u011bny iont\u016f se nem\u011bn\u00ed optick\u00e9 vlastnosti skla, tak\u017ee z\u016fst\u00e1v\u00e1 zachov\u00e1na jeho pr\u016fhlednost a \u010distota.<\/p>\n<\/li>\n<li data-sourcepos=\"11:1-12:0\">\n<p data-sourcepos=\"11:3-11:145\"><strong>V\u0161estrannost:<\/strong> Lze jej \u0159ezat a tvarovat do r\u016fzn\u00fdch forem, tak\u017ee je vhodn\u00fd pro \u0161irokou \u0161k\u00e1lu pou\u017eit\u00ed.<\/p>\n<\/li>\n<li data-sourcepos=\"13:1-14:0\">\n<p data-sourcepos=\"13:3-13:163\"><strong>\u0160t\u00edhlost:<\/strong> V porovn\u00e1n\u00ed s tepeln\u011b tvrzen\u00fdm sklem jej lze vyr\u00e1b\u011bt v ten\u010d\u00edch profilech, co\u017e umo\u017e\u0148uje vyr\u00e1b\u011bt leh\u010d\u00ed a elegantn\u011bj\u0161\u00ed za\u0159\u00edzen\u00ed.<\/p>\n<\/li>\n<\/ul>\n<p data-sourcepos=\"15:1-15:52\"><strong>Aplikace:<\/strong><\/p>\n<ul data-sourcepos=\"17:1-19:1\">\n<li data-sourcepos=\"17:1-18:0\">\n<p data-sourcepos=\"17:3-17:184\"><strong>Chytr\u00e9 telefony a tablety:<\/strong>Pou\u017e\u00edv\u00e1 se hojn\u011b v chytr\u00fdch telefonech a tabletech k ochran\u011b k\u0159ehk\u00fdch displej\u016f p\u0159ed po\u0161kr\u00e1b\u00e1n\u00edm, n\u00e1razy a n\u00e1hodn\u00fdmi p\u00e1dy.<\/p>\n<\/li>\n<li data-sourcepos=\"19:1-19:1\">\n<p data-sourcepos=\"19:3-19:159\"><strong>Notebooky a p\u0159enosn\u00e1 za\u0159\u00edzen\u00ed:<\/strong> V notebooc\u00edch, tabletech a dal\u0161\u00edch p\u0159enosn\u00fdch za\u0159\u00edzen\u00edch se \u010dasto pou\u017e\u00edvaj\u00ed chemicky tvrzen\u00e1 kryc\u00ed skla pro displeje a dotykov\u00e9 obrazovky.<\/p>\n<\/li>\n<li data-sourcepos=\"21:1-22:0\">\n<p data-sourcepos=\"21:3-21:151\"><strong>Automobilov\u00e9 displeje:<\/strong> D\u00edky sv\u00e9 odolnosti a optick\u00e9 \u010distot\u011b se st\u00e1le \u010dast\u011bji pou\u017e\u00edv\u00e1 v displej\u00edch pro automobilov\u00fd pr\u016fmysl.<\/p>\n<\/li>\n<li data-sourcepos=\"23:1-24:0\">\n<p data-sourcepos=\"23:3-23:160\"><strong>Chytr\u00e9 hodinky a nositeln\u00e1 elektronika:<\/strong> Chytr\u00e9 hodinky a dal\u0161\u00ed nositeln\u00e1 za\u0159\u00edzen\u00ed t\u011b\u017e\u00ed z odolnosti proti po\u0161kr\u00e1b\u00e1n\u00ed a pevnosti chemicky tvrzen\u00e9ho kryc\u00edho skla.<\/p>\n<\/li>\n<\/ul>\n<p data-sourcepos=\"25:1-25:27\"><strong>\u0158ez\u00e1n\u00ed tvrzen\u00e9ho skla:<\/strong><\/p>\n<p data-sourcepos=\"27:1-27:276\">\u0158ez\u00e1n\u00ed chemicky tvrzen\u00e9ho kryc\u00edho skla vy\u017eaduje specializovan\u00e9 techniky a vybaven\u00ed vzhledem k jeho zv\u00fd\u0161en\u00e9 pevnosti a mo\u017enosti rozt\u0159\u00ed\u0161t\u011bn\u00ed p\u0159i nespr\u00e1vn\u00e9m zach\u00e1zen\u00ed. Pro p\u0159esn\u00e9 a bezpe\u010dn\u00e9 \u0159ez\u00e1n\u00ed chemicky tvrzen\u00e9ho kryc\u00edho skla se doporu\u010duj\u00ed profesion\u00e1ln\u00ed slu\u017eby \u0159ez\u00e1n\u00ed skla.<\/p>","protected":false},"excerpt":{"rendered":"<p>Chemicky tvrzen\u00e9 kryc\u00ed sklo se stalo obl\u00edbenou volbou pro ochranu a vylep\u0161en\u00ed displej\u016f r\u016fzn\u00fdch elektronick\u00fdch za\u0159\u00edzen\u00ed. Kombinace pevnosti, optick\u00e9 \u010distoty a v\u0161estrannosti z n\u011bj \u010din\u00ed z\u00e1kladn\u00ed sou\u010d\u00e1st modern\u00ed technologie.<\/p>","protected":false},"featured_media":1576,"template":"","meta":[],"product_cat":[15],"product_tag":[],"_links":{"self":[{"href":"https:\/\/touchscreenmfg.com\/cs\/wp-json\/wp\/v2\/product\/1615"}],"collection":[{"href":"https:\/\/touchscreenmfg.com\/cs\/wp-json\/wp\/v2\/product"}],"about":[{"href":"https:\/\/touchscreenmfg.com\/cs\/wp-json\/wp\/v2\/types\/product"}],"wp:featuredmedia":[{"embeddable":true,"href":"https:\/\/touchscreenmfg.com\/cs\/wp-json\/wp\/v2\/media\/1576"}],"wp:attachment":[{"href":"https:\/\/touchscreenmfg.com\/cs\/wp-json\/wp\/v2\/media?parent=1615"}],"wp:term":[{"taxonomy":"product_cat","embeddable":true,"href":"https:\/\/touchscreenmfg.com\/cs\/wp-json\/wp\/v2\/product_cat?post=1615"},{"taxonomy":"product_tag","embeddable":true,"href":"https:\/\/touchscreenmfg.com\/cs\/wp-json\/wp\/v2\/product_tag?post=1615"}],"curies":[{"name":"wp","href":"https:\/\/api.w.org\/{rel}","templated":true}]}}