{"id":1614,"date":"2024-06-29T01:06:11","date_gmt":"2024-06-29T01:06:11","guid":{"rendered":"https:\/\/touchscreenmfg.com\/manufacturer\/physically-tempered-cover-glass\/"},"modified":"2024-06-29T03:30:56","modified_gmt":"2024-06-29T03:30:56","slug":"physically-tempered-cover-glass","status":"publish","type":"product","link":"https:\/\/touchscreenmfg.com\/cs\/physically-tempered-cover-glass\/","title":{"rendered":"Fyzicky tvrzen\u00e9 kryc\u00ed sklo"},"content":{"rendered":"<h2 class=\"\" data-sourcepos=\"1:1-1:100\">Fyzicky tvrzen\u00e9 kryc\u00ed sklo: Robustn\u00ed ochrana a zv\u00fd\u0161en\u00e1 odolnost elektronick\u00fdch za\u0159\u00edzen\u00ed<\/h2>\n<p data-sourcepos=\"3:1-3:96\">Fyzik\u00e1ln\u011b tvrzen\u00e9 kryc\u00ed sklo, zn\u00e1m\u00e9 tak\u00e9 jako tepeln\u011b tvrzen\u00e9 sklo, je typ skla, kter\u00e9 pro\u0161lo tepeln\u00fdm zpracov\u00e1n\u00edm, aby se zv\u00fd\u0161ila jeho pevnost a odolnost. Tento proces, kter\u00fd obvykle zahrnuje rychl\u00e9 zah\u0159\u00e1t\u00ed a ochlazen\u00ed skla, vytv\u00e1\u0159\u00ed na povrchu vrstvu tlakov\u00e9ho nap\u011bt\u00ed, d\u00edky kter\u00e9 je sklo odoln\u011bj\u0161\u00ed proti po\u0161kr\u00e1b\u00e1n\u00ed, n\u00e1raz\u016fm a tepeln\u00fdm \u0161ok\u016fm.<\/p>\n<p data-sourcepos=\"5:1-5:52\"><strong>Kl\u00ed\u010dov\u00e9 vlastnosti fyzicky tvrzen\u00e9ho kryc\u00edho skla:<\/strong><\/p>\n<ul data-sourcepos=\"7:1-7:27\">\n<li data-sourcepos=\"7:1-7:27\">\n<p data-sourcepos=\"7:3-7:183\"><strong>V\u00fdjime\u010dn\u00e1 s\u00edla:<\/strong> Fyzicky tvrzen\u00e9 kryc\u00ed sklo je obvykle \u010dty\u0159ikr\u00e1t a\u017e p\u011btkr\u00e1t pevn\u011bj\u0161\u00ed ne\u017e b\u011b\u017en\u00e9 sklo a poskytuje vynikaj\u00edc\u00ed ochranu proti rozbit\u00ed a po\u0161kr\u00e1b\u00e1n\u00ed.<\/p>\n<\/li>\n<li data-sourcepos=\"9:1-9:54\">\n<p data-sourcepos=\"9:3-9:54\"><strong>Optick\u00e1 \u010distota:<\/strong> Proces tepeln\u00e9ho zpracov\u00e1n\u00ed nem\u011bn\u00ed optick\u00e9 vlastnosti skla, zachov\u00e1v\u00e1 jeho pr\u016fhlednost a \u010distotu.<\/p>\n<\/li>\n<li data-sourcepos=\"11:1-12:0\">\n<p data-sourcepos=\"11:3-11:145\"><strong>V\u0161estrannost:<\/strong> Fyzicky tvrzen\u00e9 kryc\u00ed sklo lze \u0159ezat a tvarovat do r\u016fzn\u00fdch tvar\u016f, tak\u017ee je vhodn\u00e9 pro \u0161irokou \u0161k\u00e1lu aplikac\u00ed.<\/p>\n<\/li>\n<li data-sourcepos=\"13:1-14:0\">\n<p data-sourcepos=\"13:3-13:171\"><strong>Mo\u017enosti \u0159ed\u011bn\u00ed:<\/strong> Fyzicky tvrzen\u00e9 kryc\u00ed sklo lze ve srovn\u00e1n\u00ed s chemicky tvrzen\u00fdm sklem vyr\u00e1b\u011bt v ten\u010d\u00edch \u010d\u00e1stech, co\u017e umo\u017e\u0148uje vyr\u00e1b\u011bt elegantn\u011bj\u0161\u00ed a leh\u010d\u00ed za\u0159\u00edzen\u00ed.<\/p>\n<\/li>\n<\/ul>\n<p data-sourcepos=\"15:1-15:52\"><strong>Pou\u017eit\u00ed fyzicky tvrzen\u00e9ho kryc\u00edho skla:<\/strong><\/p>\n<ul data-sourcepos=\"17:1-19:98\">\n<li data-sourcepos=\"17:1-18:0\">\n<p data-sourcepos=\"17:3-17:184\"><strong>Chytr\u00e9 telefony a tablety:<\/strong> Fyzicky tvrzen\u00e9 kryc\u00ed sklo se hojn\u011b pou\u017e\u00edv\u00e1 v chytr\u00fdch telefonech a tabletech k ochran\u011b k\u0159ehk\u00fdch displej\u016f p\u0159ed po\u0161kr\u00e1b\u00e1n\u00edm, n\u00e1razy a n\u00e1hodn\u00fdmi p\u00e1dy.<\/p>\n<\/li>\n<li data-sourcepos=\"19:1-19:98\">\n<p data-sourcepos=\"19:3-19:98\"><strong>Architektonick\u00e9 aplikace:<\/strong> Fyzicky tvrzen\u00e9 kryc\u00ed sklo se d\u00edky sv\u00e9 pevnosti a bezpe\u010dnostn\u00edm vlastnostem pou\u017e\u00edv\u00e1 v r\u016fzn\u00fdch architektonick\u00fdch aplikac\u00edch, jako jsou okna, dve\u0159e a p\u0159\u00ed\u010dky.<\/p>\n<\/li>\n<li data-sourcepos=\"21:1-22:0\">\n<p data-sourcepos=\"21:3-21:151\"><strong>Automobilov\u00e9 displeje:<\/strong> Fyzicky tvrzen\u00e9 kryc\u00ed sklo se d\u00edky sv\u00e9 odolnosti a optick\u00e9 \u010distot\u011b st\u00e1le \u010dast\u011bji pou\u017e\u00edv\u00e1 v displej\u00edch automobil\u016f.<\/p>\n<\/li>\n<li data-sourcepos=\"23:1-24:0\">\n<p data-sourcepos=\"23:3-23:154\"><strong>Panely spot\u0159ebi\u010d\u016f:<\/strong> Dom\u00e1c\u00ed spot\u0159ebi\u010de, jako jsou chladni\u010dky a trouby, \u010dasto pou\u017e\u00edvaj\u00ed na ovl\u00e1dac\u00edch panelech a displej\u00edch fyzicky tvrzen\u00e9 kryc\u00ed sklo.<\/p>\n<\/li>\n<\/ul>\n<p data-sourcepos=\"25:1-25:28\"><strong>Proces kalen\u00ed skla:<\/strong><\/p>\n<p data-sourcepos=\"27:1-27:309\">Proces kalen\u00ed fyzicky tvrzen\u00e9ho kryc\u00edho skla zahrnuje zah\u0159\u00e1t\u00ed skla na teplotu p\u0159ibli\u017en\u011b 600-700 \u00b0C a jeho n\u00e1sledn\u00e9 rychl\u00e9 ochlazen\u00ed proudem studen\u00e9ho vzduchu. Tato rychl\u00e1 zm\u011bna teploty vytvo\u0159\u00ed na povrchu vrstvu tlakov\u00e9ho nap\u011bt\u00ed, d\u00edky kter\u00e9 je sklo odoln\u011bj\u0161\u00ed v\u016f\u010di nam\u00e1h\u00e1n\u00ed a rozbit\u00ed.<\/p>","protected":false},"excerpt":{"rendered":"<p>Fyzicky tvrzen\u00e9 kryc\u00ed sklo se stalo z\u00e1kladem ochrany elektronick\u00fdch za\u0159\u00edzen\u00ed a architektonick\u00fdch aplikac\u00ed. Jeho v\u00fdjime\u010dn\u00e1 pevnost, optick\u00e1 \u010distota a v\u0161estrannost z n\u011bj \u010din\u00ed z\u00e1kladn\u00ed sou\u010d\u00e1st modern\u00ed technologie a konstrukce.<\/p>","protected":false},"featured_media":1575,"template":"","meta":[],"product_cat":[15],"product_tag":[],"_links":{"self":[{"href":"https:\/\/touchscreenmfg.com\/cs\/wp-json\/wp\/v2\/product\/1614"}],"collection":[{"href":"https:\/\/touchscreenmfg.com\/cs\/wp-json\/wp\/v2\/product"}],"about":[{"href":"https:\/\/touchscreenmfg.com\/cs\/wp-json\/wp\/v2\/types\/product"}],"wp:featuredmedia":[{"embeddable":true,"href":"https:\/\/touchscreenmfg.com\/cs\/wp-json\/wp\/v2\/media\/1575"}],"wp:attachment":[{"href":"https:\/\/touchscreenmfg.com\/cs\/wp-json\/wp\/v2\/media?parent=1614"}],"wp:term":[{"taxonomy":"product_cat","embeddable":true,"href":"https:\/\/touchscreenmfg.com\/cs\/wp-json\/wp\/v2\/product_cat?post=1614"},{"taxonomy":"product_tag","embeddable":true,"href":"https:\/\/touchscreenmfg.com\/cs\/wp-json\/wp\/v2\/product_tag?post=1614"}],"curies":[{"name":"wp","href":"https:\/\/api.w.org\/{rel}","templated":true}]}}