{"id":1612,"date":"2024-06-29T01:06:10","date_gmt":"2024-06-29T01:06:10","guid":{"rendered":"https:\/\/touchscreenmfg.com\/manufacturer\/capacitive-touch-screen\/"},"modified":"2024-06-29T03:40:01","modified_gmt":"2024-06-29T03:40:01","slug":"capacitive-touch-screen","status":"publish","type":"product","link":"https:\/\/touchscreenmfg.com\/cs\/capacitive-touch-screen\/","title":{"rendered":"Kapacitn\u00ed dotykov\u00e1 obrazovka"},"content":{"rendered":"<h2 class=\"\" data-sourcepos=\"1:1-1:102\">Kapacitn\u00ed dotykov\u00e9 obrazovky: Intuitivn\u00ed dotykov\u00e1 technologie p\u0159in\u00e1\u0161\u00ed revoluci v interakci mezi \u010dlov\u011bkem a strojem.<\/h2>\n<p data-sourcepos=\"3:1-3:88\">Kapacitn\u00ed dotykov\u00e9 obrazovky, zn\u00e1m\u00e9 tak\u00e9 jako kapacitn\u00ed dotykov\u00e9 panely nebo interaktivn\u00ed displeje, zp\u016fsobily revoluci v interakci s technologiemi. Tyto inovativn\u00ed dotykov\u00e9 obrazovky vyu\u017e\u00edvaj\u00ed m\u0159\u00ed\u017eku elektrod um\u00edst\u011bnou pod povrchem displeje, kter\u00e1 detekuje zm\u011bny elektrick\u00e9ho pole zp\u016fsoben\u00e9 lidsk\u00fdm prstem nebo jin\u00fdm vodiv\u00fdm p\u0159edm\u011btem. Tato technologie umo\u017e\u0148uje u\u017eivatel\u016fm ovl\u00e1dat digit\u00e1ln\u00ed obsah a komunikovat s n\u00edm prost\u0159ednictv\u00edm intuitivn\u00edch dotykov\u00fdch gest, jako jsou klepnut\u00ed, p\u0159ejet\u00ed prstem, stisknut\u00ed a p\u0159ibl\u00ed\u017een\u00ed.<\/p>\n<p data-sourcepos=\"5:1-5:45\"><strong>Kl\u00ed\u010dov\u00e9 vlastnosti:<\/strong><\/p>\n<ul data-sourcepos=\"7:1-7:125\">\n<li data-sourcepos=\"7:1-7:125\">\n<p class=\"\" data-sourcepos=\"7:3-7:241\"><strong class=\"\">P\u0159esn\u00e9 a citliv\u00e9 rozpozn\u00e1v\u00e1n\u00ed dotyk\u016f:<\/strong> Kapacitn\u00ed dotykov\u00e9 obrazovky vyu\u017e\u00edvaj\u00ed sofistikovanou technologii detekce dotyku, kter\u00e1 p\u0159esn\u011b zachycuje a reaguje na \u0161irokou \u0161k\u00e1lu dotykov\u00fdch gest a poskytuje p\u0159irozen\u00fd a intuitivn\u00ed u\u017eivatelsk\u00fd z\u00e1\u017eitek.<\/p>\n<\/li>\n<li data-sourcepos=\"9:1-10:0\">\n<p data-sourcepos=\"9:3-9:210\"><strong>Mo\u017enost v\u00edcedotykov\u00e9ho ovl\u00e1d\u00e1n\u00ed:<\/strong> Mnoho kapacitn\u00edch dotykov\u00fdch obrazovek podporuje funkci v\u00edcedotykov\u00e9ho ovl\u00e1d\u00e1n\u00ed, kter\u00e1 u\u017eivatel\u016fm umo\u017e\u0148uje interakci s v\u00edce body na obrazovce sou\u010dasn\u011b, co\u017e zvy\u0161uje interaktivn\u00ed z\u00e1\u017eitek.<\/p>\n<\/li>\n<li data-sourcepos=\"11:1-12:0\">\n<p data-sourcepos=\"11:3-11:206\"><strong>Odoln\u00e9 povrchy odoln\u00e9 proti po\u0161kr\u00e1b\u00e1n\u00ed:<\/strong> Kapacitn\u00ed dotykov\u00e9 obrazovky jsou obvykle vyrobeny z odoln\u00fdch materi\u00e1l\u016f, jako je tvrzen\u00e9 sklo nebo plast, tak\u017ee vydr\u017e\u00ed pravideln\u00e9 pou\u017e\u00edv\u00e1n\u00ed a jsou odoln\u00e9 proti po\u0161kr\u00e1b\u00e1n\u00ed.<\/p>\n<\/li>\n<li data-sourcepos=\"13:1-13:35\">\n<p data-sourcepos=\"13:3-13:35\"><strong>V\u0161estrann\u00e9 pou\u017eit\u00ed:<\/strong> Kapacitn\u00ed dotykov\u00e9 obrazovky se pou\u017e\u00edvaj\u00ed v \u0161irok\u00e9 \u0161k\u00e1le aplikac\u00ed, v\u010detn\u011b chytr\u00fdch telefon\u016f, tablet\u016f, notebook\u016f, kiosk\u016f a pr\u016fmyslov\u00fdch \u0159\u00eddic\u00edch syst\u00e9m\u016f.<\/p>\n<\/li>\n<\/ul>\n<p data-sourcepos=\"15:1-15:32\"><strong>Kapacitn\u00ed dotykov\u00e1 technologie:<\/strong><\/p>\n<p data-sourcepos=\"17:1-17:327\">Z\u00e1kladem kapacitn\u00edch dotykov\u00fdch obrazovek je princip kapacitn\u00edho sn\u00edm\u00e1n\u00ed. Kdy\u017e se obrazovky dotkne vodiv\u00fd p\u0159edm\u011bt, nap\u0159\u00edklad prst, naru\u0161\u00ed elektrick\u00e9 pole generovan\u00e9 elektrodami. Toto naru\u0161en\u00ed je m\u011b\u0159eno obvody dotykov\u00e9ho sn\u00edma\u010de a umo\u017e\u0148uje syst\u00e9mu ur\u010dit m\u00edsto dotyku.<\/p>\n<p data-sourcepos=\"19:1-19:45\"><strong>Aplikace:<\/strong><\/p>\n<ul data-sourcepos=\"21:1-28:0\">\n<li data-sourcepos=\"21:1-22:0\">\n<p data-sourcepos=\"21:3-21:168\"><strong>Spot\u0159ebn\u00ed elektronika:<\/strong> Kapacitn\u00ed dotykov\u00e9 obrazovky jsou v za\u0159\u00edzen\u00edch spot\u0159ebn\u00ed elektroniky v\u0161udyp\u0159\u00edtomn\u00e9 a umo\u017e\u0148uj\u00ed intuitivn\u00ed ovl\u00e1d\u00e1n\u00ed chytr\u00fdch telefon\u016f, tablet\u016f a notebook\u016f.<\/p>\n<\/li>\n<li data-sourcepos=\"23:1-24:0\">\n<p data-sourcepos=\"23:3-23:152\"><strong>Komer\u010dn\u00ed displeje:<\/strong> Dotykov\u00e9 obrazovky se st\u00e1le \u010dast\u011bji pou\u017e\u00edvaj\u00ed v komer\u010dn\u00edch prost\u0159ed\u00edch, jako jsou maloobchodn\u00ed kiosky, interaktivn\u00ed n\u00e1pisy a vzd\u011bl\u00e1vac\u00ed displeje.<\/p>\n<\/li>\n<li data-sourcepos=\"25:1-26:0\">\n<p data-sourcepos=\"25:3-25:158\"><strong>Pr\u016fmyslov\u00e1 automatizace:<\/strong> Dotykov\u00e9 panely se pou\u017e\u00edvaj\u00ed v pr\u016fmyslov\u00fdch automatiza\u010dn\u00edch syst\u00e9mech pro ovl\u00e1d\u00e1n\u00ed stroj\u016f, monitorov\u00e1n\u00ed proces\u016f a vizualizaci dat.<\/p>\n<\/li>\n<li data-sourcepos=\"27:1-28:0\">\n<p data-sourcepos=\"27:3-27:178\"><strong>Automatizace dom\u00e1cnosti:<\/strong> Kapacitn\u00ed dotykov\u00e9 obrazovky jsou integrov\u00e1ny do syst\u00e9m\u016f chytr\u00e9 dom\u00e1cnosti a umo\u017e\u0148uj\u00ed u\u017eivatel\u016fm ovl\u00e1dat osv\u011btlen\u00ed, spot\u0159ebi\u010de a bezpe\u010dnostn\u00ed funkce pouh\u00fdm dotykem.<\/p>\n<\/li>\n<\/ul>","protected":false},"excerpt":{"rendered":"<p>Kapacitn\u00ed dotykov\u00e9 obrazovky zm\u011bnily interakci mezi \u010dlov\u011bkem a strojem a umo\u017enily p\u0159irozen\u011bj\u0161\u00ed a intuitivn\u011bj\u0161\u00ed zp\u016fsob ovl\u00e1d\u00e1n\u00ed digit\u00e1ln\u00edch za\u0159\u00edzen\u00ed a interakce s nimi. D\u00edky sv\u00e9 v\u0161estrannosti, p\u0159esnosti a odolnosti jsou nepostradateln\u00fdmi sou\u010d\u00e1stmi v \u0161irok\u00e9 \u0161k\u00e1le aplikac\u00ed, od spot\u0159ebn\u00ed elektroniky a\u017e po pr\u016fmyslovou automatizaci.<\/p>","protected":false},"featured_media":1573,"template":"","meta":[],"product_cat":[41],"product_tag":[],"_links":{"self":[{"href":"https:\/\/touchscreenmfg.com\/cs\/wp-json\/wp\/v2\/product\/1612"}],"collection":[{"href":"https:\/\/touchscreenmfg.com\/cs\/wp-json\/wp\/v2\/product"}],"about":[{"href":"https:\/\/touchscreenmfg.com\/cs\/wp-json\/wp\/v2\/types\/product"}],"wp:featuredmedia":[{"embeddable":true,"href":"https:\/\/touchscreenmfg.com\/cs\/wp-json\/wp\/v2\/media\/1573"}],"wp:attachment":[{"href":"https:\/\/touchscreenmfg.com\/cs\/wp-json\/wp\/v2\/media?parent=1612"}],"wp:term":[{"taxonomy":"product_cat","embeddable":true,"href":"https:\/\/touchscreenmfg.com\/cs\/wp-json\/wp\/v2\/product_cat?post=1612"},{"taxonomy":"product_tag","embeddable":true,"href":"https:\/\/touchscreenmfg.com\/cs\/wp-json\/wp\/v2\/product_tag?post=1612"}],"curies":[{"name":"wp","href":"https:\/\/api.w.org\/{rel}","templated":true}]}}