{"id":1611,"date":"2024-06-29T01:06:10","date_gmt":"2024-06-29T01:06:10","guid":{"rendered":"https:\/\/touchscreenmfg.com\/manufacturer\/oled-touch-screen\/"},"modified":"2024-06-29T03:46:04","modified_gmt":"2024-06-29T03:46:04","slug":"oled-touch-screen","status":"publish","type":"product","link":"https:\/\/touchscreenmfg.com\/cs\/oled-touch-screen\/","title":{"rendered":"Dotykov\u00fd displej OLED"},"content":{"rendered":"<h2 class=\"\" data-sourcepos=\"3:1-3:103\">Dotykov\u00e9 obrazovky OLED: Zlep\u0161en\u00ed u\u017eivatelsk\u00e9ho z\u00e1\u017eitku d\u00edky \u017eiv\u00fdm displej\u016fm a citliv\u00e9 dotykov\u00e9 interakci<\/h2>\n<p data-sourcepos=\"5:1-5:118\">Dotykov\u00e9 obrazovky OLED, zn\u00e1m\u00e9 tak\u00e9 jako dotykov\u00e9 displeje OLED, kombinuj\u00ed vynikaj\u00edc\u00ed kvalitu obrazu technologie OLED (Organic Light-Emitting Diode) s interaktivn\u00edmi mo\u017enostmi dotykov\u00e9ho panelu. Tato inovativn\u00ed technologie nab\u00edz\u00ed \u00fachvatn\u00fd u\u017eivatelsk\u00fd z\u00e1\u017eitek, kter\u00fd v sob\u011b spojuje ohromuj\u00edc\u00ed vizu\u00e1ln\u00ed efekty s intuitivn\u00edm dotykov\u00fdm ovl\u00e1d\u00e1n\u00edm.<\/p>\n<p data-sourcepos=\"7:1-7:39\"><strong>Kl\u00ed\u010dov\u00e9 vlastnosti:<\/strong><\/p>\n<ul data-sourcepos=\"9:1-9:134\">\n<li data-sourcepos=\"9:1-9:134\">\n<p class=\"\" data-sourcepos=\"9:3-9:190\"><strong class=\"\">V\u00fdjime\u010dn\u00e1 kvalita zobrazen\u00ed:<\/strong> Dotykov\u00e9 obrazovky OLED poskytuj\u00ed v\u00fdjime\u010dnou kvalitu obrazu s \u017eiv\u00fdmi barvami, vysok\u00fdm kontrastn\u00edm pom\u011brem a v\u011brnou \u010dernou barvou, a poskytuj\u00ed tak vizu\u00e1ln\u011b pohlcuj\u00edc\u00ed z\u00e1\u017eitek.<\/p>\n<\/li>\n<li data-sourcepos=\"11:1-12:0\">\n<p data-sourcepos=\"11:3-11:178\"><strong>Citliv\u00e1 dotykov\u00e1 interakce:<\/strong> P\u0159ekryvn\u00fd panel dotykov\u00e9 obrazovky umo\u017e\u0148uje u\u017eivatel\u016fm komunikovat s displejem pomoc\u00ed intuitivn\u00edch dotykov\u00fdch gest, jako jsou klepnut\u00ed, p\u0159ejet\u00ed a stisknut\u00ed.<\/p>\n<\/li>\n<li data-sourcepos=\"13:1-14:0\">\n<p data-sourcepos=\"13:3-13:165\"><strong>Energetick\u00e1 \u00fa\u010dinnost:<\/strong> Obrazovky OLED jsou v porovn\u00e1n\u00ed s dotykov\u00fdmi obrazovkami LCD obvykle energeticky \u00fasporn\u011bj\u0161\u00ed a spot\u0159ebov\u00e1vaj\u00ed m\u00e9n\u011b energie bez sn\u00ed\u017een\u00ed v\u00fdkonu.<\/p>\n<\/li>\n<li data-sourcepos=\"15:1-16:0\">\n<p data-sourcepos=\"15:3-15:130\"><strong>Flexibiln\u00ed design:<\/strong> Displeje OLED nab\u00edzej\u00ed v\u011bt\u0161\u00ed flexibilitu p\u0159i navrhov\u00e1n\u00ed, co\u017e umo\u017e\u0148uje ten\u010d\u00ed, leh\u010d\u00ed a zak\u0159iven\u00e9 dotykov\u00e9 obrazovky.<\/p>\n<\/li>\n<\/ul>\n<p data-sourcepos=\"17:1-17:39\"><strong>Aplikace:<\/strong><\/p>\n<ul data-sourcepos=\"19:1-19:151\">\n<li data-sourcepos=\"19:1-19:151\">\n<p data-sourcepos=\"19:3-19:178\"><strong>Chytr\u00e9 telefony a tablety:<\/strong> Obrazovky OLED se st\u00e1le \u010dast\u011bji pou\u017e\u00edvaj\u00ed v pr\u00e9miov\u00fdch chytr\u00fdch telefonech a tabletech, kde poskytuj\u00ed vynikaj\u00edc\u00ed z\u00e1\u017eitek ze sledov\u00e1n\u00ed a lep\u0161\u00ed interakci s u\u017eivatelem.<\/p>\n<\/li>\n<li data-sourcepos=\"21:1-22:0\">\n<p data-sourcepos=\"21:3-21:181\"><strong>Chytr\u00e9 hodinky a nositeln\u00e1 za\u0159\u00edzen\u00ed:<\/strong> Displeje OLED se d\u00edky sv\u00fdm kompaktn\u00edm rozm\u011br\u016fm, n\u00edzk\u00e9 spot\u0159eb\u011b energie a vysok\u00e9 kvalit\u011b obrazu st\u00e1le \u010dast\u011bji pou\u017e\u00edvaj\u00ed v chytr\u00fdch hodink\u00e1ch a nositeln\u00fdch za\u0159\u00edzen\u00edch.<\/p>\n<\/li>\n<li data-sourcepos=\"23:1-24:0\">\n<p data-sourcepos=\"23:3-23:147\"><strong>Televizory a monitory:<\/strong> Televizory a monitory OLED si z\u00edsk\u00e1vaj\u00ed st\u00e1le v\u011bt\u0161\u00ed oblibu a nab\u00edzej\u00ed v\u00fdjime\u010dnou kvalitu obrazu a pohlcuj\u00edc\u00ed z\u00e1\u017eitky ze sledov\u00e1n\u00ed.<\/p>\n<\/li>\n<li data-sourcepos=\"25:1-26:0\">\n<p data-sourcepos=\"25:3-25:153\"><strong>Automobilov\u00e9 displeje:<\/strong> Dotykov\u00e9 obrazovky OLED se integruj\u00ed do p\u0159\u00edstrojov\u00fdch desek a informa\u010dn\u00edch a z\u00e1bavn\u00edch syst\u00e9m\u016f automobil\u016f a zlep\u0161uj\u00ed tak z\u00e1\u017eitek z j\u00edzdy.<\/p>\n<\/li>\n<\/ul>","protected":false},"excerpt":{"rendered":"<p>Dotykov\u00e9 obrazovky OLED zp\u016fsobily revoluci v interakci s digit\u00e1ln\u00edmi za\u0159\u00edzen\u00edmi a nab\u00edzej\u00ed kombinaci \u00fa\u017easn\u00e9ho obrazu, citliv\u00e9ho dotykov\u00e9ho ovl\u00e1d\u00e1n\u00ed a energetick\u00e9 \u00fa\u010dinnosti. D\u00edky sv\u00e9 v\u0161estrannosti a vynikaj\u00edc\u00ed kvalit\u011b zobrazen\u00ed jsou preferovanou volbou pro \u0161irokou \u0161k\u00e1lu aplikac\u00ed, od chytr\u00fdch telefon\u016f a tablet\u016f a\u017e po televizory a displeje v automobilov\u00e9m pr\u016fmyslu.<\/p>","protected":false},"featured_media":1572,"template":"","meta":[],"product_cat":[41],"product_tag":[],"_links":{"self":[{"href":"https:\/\/touchscreenmfg.com\/cs\/wp-json\/wp\/v2\/product\/1611"}],"collection":[{"href":"https:\/\/touchscreenmfg.com\/cs\/wp-json\/wp\/v2\/product"}],"about":[{"href":"https:\/\/touchscreenmfg.com\/cs\/wp-json\/wp\/v2\/types\/product"}],"wp:featuredmedia":[{"embeddable":true,"href":"https:\/\/touchscreenmfg.com\/cs\/wp-json\/wp\/v2\/media\/1572"}],"wp:attachment":[{"href":"https:\/\/touchscreenmfg.com\/cs\/wp-json\/wp\/v2\/media?parent=1611"}],"wp:term":[{"taxonomy":"product_cat","embeddable":true,"href":"https:\/\/touchscreenmfg.com\/cs\/wp-json\/wp\/v2\/product_cat?post=1611"},{"taxonomy":"product_tag","embeddable":true,"href":"https:\/\/touchscreenmfg.com\/cs\/wp-json\/wp\/v2\/product_tag?post=1611"}],"curies":[{"name":"wp","href":"https:\/\/api.w.org\/{rel}","templated":true}]}}