{"id":1610,"date":"2024-06-29T01:06:10","date_gmt":"2024-06-29T01:06:10","guid":{"rendered":"https:\/\/touchscreenmfg.com\/manufacturer\/tft-touch-screen\/"},"modified":"2024-06-29T03:49:15","modified_gmt":"2024-06-29T03:49:15","slug":"tft-touch-screen","status":"publish","type":"product","link":"https:\/\/touchscreenmfg.com\/cs\/tft-touch-screen\/","title":{"rendered":"Dotykov\u00fd displej TFT"},"content":{"rendered":"<h2 class=\"\" data-sourcepos=\"3:1-3:77\">Dotykov\u00e9 obrazovky TFT: Kombinace barevn\u00e9 \u010distoty a intuitivn\u00ed dotykov\u00e9 interakce<\/h2>\n<p data-sourcepos=\"5:1-5:122\">Dotykov\u00e9 obrazovky TFT, zn\u00e1m\u00e9 tak\u00e9 jako dotykov\u00e9 displeje TFT, jsou typem dotykov\u00fdch obrazovek, kter\u00e9 vyu\u017e\u00edvaj\u00ed technologii tenkovrstv\u00fdch tranzistor\u016f (TFT) k zaji\u0161t\u011bn\u00ed vysoce kvalitn\u00edho obrazu a umo\u017e\u0148uj\u00ed interaktivn\u00ed dotykov\u00e9 ovl\u00e1d\u00e1n\u00ed. Tyto v\u0161estrann\u00e9 displeje jsou \u0161iroce pou\u017e\u00edv\u00e1ny v r\u016fzn\u00fdch elektronick\u00fdch za\u0159\u00edzen\u00edch a nab\u00edzej\u00ed rovnov\u00e1hu mezi vizu\u00e1ln\u00ed \u010distotou a u\u017eivatelsky p\u0159\u00edv\u011btivou interakc\u00ed.<\/p>\n<p data-sourcepos=\"7:1-7:38\"><strong>Kl\u00ed\u010dov\u00e9 vlastnosti:<\/strong><\/p>\n<ul data-sourcepos=\"9:1-9:87\">\n<li data-sourcepos=\"9:1-9:87\">\n<p class=\"\" data-sourcepos=\"9:3-9:159\"><strong class=\"\">\u017div\u00e9 barvy displeje:<\/strong> Dotykov\u00e9 obrazovky TFT poskytuj\u00ed \u0161irokou \u0161k\u00e1lu barev s vysok\u00fdm rozli\u0161en\u00edm a nab\u00edzej\u00ed vizu\u00e1ln\u011b atraktivn\u00ed a poutav\u00fd u\u017eivatelsk\u00fd z\u00e1\u017eitek.<\/p>\n<\/li>\n<li data-sourcepos=\"11:1-12:0\">\n<p data-sourcepos=\"11:3-11:177\"><strong>Citliv\u00e1 dotykov\u00e1 interakce:<\/strong> P\u0159ekryvn\u00fd panel dotykov\u00e9 obrazovky umo\u017e\u0148uje u\u017eivatel\u016fm komunikovat s displejem pomoc\u00ed intuitivn\u00edch dotykov\u00fdch gest, jako jsou klepnut\u00ed, p\u0159ejet\u00ed a stisknut\u00ed.<\/p>\n<\/li>\n<li data-sourcepos=\"13:1-14:0\">\n<p data-sourcepos=\"13:3-13:158\"><strong>Odoln\u00e9 a v\u0161estrann\u00e9:<\/strong> TFT obrazovky jsou obvykle vyrobeny z odoln\u00fdch materi\u00e1l\u016f, jako je sklo nebo plast, tak\u017ee jsou vhodn\u00e9 pro r\u016fzn\u00e9 aplikace.<\/p>\n<\/li>\n<li data-sourcepos=\"15:1-16:0\">\n<p data-sourcepos=\"15:3-15:130\"><strong>N\u00e1kladov\u011b efektivn\u00ed:<\/strong> Technologie TFT nab\u00edz\u00ed ve srovn\u00e1n\u00ed s jin\u00fdmi technologiemi dotykov\u00fdch obrazovek rovnov\u00e1hu mezi v\u00fdkonem a cenou.<\/p>\n<\/li>\n<\/ul>\n<p data-sourcepos=\"17:1-17:2\"><strong>Aplikace:<\/strong><\/p>\n<ul data-sourcepos=\"19:1-26:0\">\n<li data-sourcepos=\"19:1-20:0\">\n<p data-sourcepos=\"19:3-19:171\"><strong>Chytr\u00e9 telefony a tablety:<\/strong> Obrazovky TFT se b\u011b\u017en\u011b pou\u017e\u00edvaj\u00ed v chytr\u00fdch telefonech a tabletech a p\u0159edstavuj\u00ed cenov\u011b v\u00fdhodn\u00e9 a univerz\u00e1ln\u00ed \u0159e\u0161en\u00ed pro za\u0159\u00edzen\u00ed s dotykov\u00fdm ovl\u00e1d\u00e1n\u00edm.<\/p>\n<\/li>\n<li data-sourcepos=\"21:1-22:0\">\n<p data-sourcepos=\"21:3-21:140\"><strong>Notebooky a stoln\u00ed po\u010d\u00edta\u010de:<\/strong> Dotykov\u00e9 notebooky a stoln\u00ed po\u010d\u00edta\u010de typu \"v\u0161e v jednom\" (AIO) \u010dasto vyu\u017e\u00edvaj\u00ed dotykov\u00e9 obrazovky TFT pro lep\u0161\u00ed interakci s u\u017eivatelem.<\/p>\n<\/li>\n<li data-sourcepos=\"23:1-24:0\">\n<p data-sourcepos=\"23:3-23:171\"><strong>Kiosky a interaktivn\u00ed displeje:<\/strong> Obrazovky TFT se hojn\u011b pou\u017e\u00edvaj\u00ed v kiosc\u00edch, informa\u010dn\u00edch termin\u00e1lech a interaktivn\u00edm zna\u010den\u00ed pro samoobsluhu a p\u0159\u00edstup k informac\u00edm.<\/p>\n<\/li>\n<li data-sourcepos=\"25:1-26:0\">\n<p data-sourcepos=\"25:3-25:166\"><strong>Prodejn\u00ed syst\u00e9my (POS):<\/strong> TFT obrazovky jsou z\u00e1kladn\u00edmi sou\u010d\u00e1stmi pokladn\u00edch syst\u00e9m\u016f, kter\u00e9 umo\u017e\u0148uj\u00ed efektivn\u00ed pokladnu a spr\u00e1vu objedn\u00e1vek v maloobchodn\u00edm prost\u0159ed\u00ed.<\/p>\n<\/li>\n<\/ul>","protected":false},"excerpt":{"rendered":"<p>Dotykov\u00e9 obrazovky TFT se staly z\u00e1kladn\u00edm prvkem ve sv\u011bt\u011b elektronick\u00fdch za\u0159\u00edzen\u00ed, proto\u017ee nab\u00edzej\u00ed kombinaci jasn\u00fdch barev, citliv\u00e9 dotykov\u00e9 interakce a cenov\u00e9 dostupnosti. D\u00edky sv\u00e9 v\u0161estrannosti jsou vhodn\u00e9 pro \u0161irokou \u0161k\u00e1lu aplikac\u00ed, od osobn\u00edch za\u0159\u00edzen\u00ed a\u017e po komer\u010dn\u00ed prost\u0159ed\u00ed, co\u017e zvy\u0161uje u\u017eivatelsk\u00fd komfort a podporuje inovace.<\/p>","protected":false},"featured_media":1571,"template":"","meta":[],"product_cat":[41],"product_tag":[],"_links":{"self":[{"href":"https:\/\/touchscreenmfg.com\/cs\/wp-json\/wp\/v2\/product\/1610"}],"collection":[{"href":"https:\/\/touchscreenmfg.com\/cs\/wp-json\/wp\/v2\/product"}],"about":[{"href":"https:\/\/touchscreenmfg.com\/cs\/wp-json\/wp\/v2\/types\/product"}],"wp:featuredmedia":[{"embeddable":true,"href":"https:\/\/touchscreenmfg.com\/cs\/wp-json\/wp\/v2\/media\/1571"}],"wp:attachment":[{"href":"https:\/\/touchscreenmfg.com\/cs\/wp-json\/wp\/v2\/media?parent=1610"}],"wp:term":[{"taxonomy":"product_cat","embeddable":true,"href":"https:\/\/touchscreenmfg.com\/cs\/wp-json\/wp\/v2\/product_cat?post=1610"},{"taxonomy":"product_tag","embeddable":true,"href":"https:\/\/touchscreenmfg.com\/cs\/wp-json\/wp\/v2\/product_tag?post=1610"}],"curies":[{"name":"wp","href":"https:\/\/api.w.org\/{rel}","templated":true}]}}