{"id":1609,"date":"2024-06-29T01:06:10","date_gmt":"2024-06-29T01:06:10","guid":{"rendered":"https:\/\/touchscreenmfg.com\/manufacturer\/lcd-touch-screen\/"},"modified":"2024-06-29T03:20:02","modified_gmt":"2024-06-29T03:20:02","slug":"lcd-touch-screen","status":"publish","type":"product","link":"https:\/\/touchscreenmfg.com\/cs\/lcd-touch-screen\/","title":{"rendered":"Dotykov\u00fd displej LCD"},"content":{"rendered":"<h2 class=\"\" data-sourcepos=\"3:1-3:89\">Dotykov\u00fd displej LCD: Zlep\u0161en\u00ed interakce s u\u017eivatelem pomoc\u00ed vizu\u00e1ln\u00ed jasnosti a hmatov\u00e9 odezvy<\/h2>\n<p data-sourcepos=\"5:1-5:121\">Dotykov\u00e9 obrazovky LCD, zn\u00e1m\u00e9 tak\u00e9 jako obrazovky s dotykov\u00fdm panelem nebo displeje s dotykov\u00fdm panelem, jsou typem dotykov\u00e9 obrazovky, kter\u00e1 kombinuje vizu\u00e1ln\u00ed \u010distotu displeje z tekut\u00fdch krystal\u016f (LCD) s interaktivn\u00edmi mo\u017enostmi dotykov\u00e9ho panelu. Tyto v\u0161estrann\u00e9 displeje se hojn\u011b pou\u017e\u00edvaj\u00ed v r\u016fzn\u00fdch elektronick\u00fdch za\u0159\u00edzen\u00edch a nab\u00edzej\u00ed u\u017eivatelsky p\u0159\u00edv\u011btiv\u00e9 a poutav\u00e9 rozhran\u00ed.<\/p>\n<p data-sourcepos=\"7:1-7:38\"><strong>Kl\u00ed\u010dov\u00e9 vlastnosti:<\/strong><\/p>\n<ul data-sourcepos=\"9:1-9:76\">\n<li data-sourcepos=\"9:1-9:76\">\n<p class=\"\" data-sourcepos=\"9:3-9:190\"><strong class=\"\">Jasn\u00fd a \u017eiv\u00fd displej:<\/strong> Dotykov\u00e9 obrazovky LCD vyu\u017e\u00edvaj\u00ed technologii LCD, kter\u00e1 poskytuje obraz s vysok\u00fdm rozli\u0161en\u00edm, syt\u00fdmi barvami a ostr\u00fdmi detaily, co\u017e zaji\u0161\u0165uje vizu\u00e1ln\u011b atraktivn\u00ed u\u017eivatelsk\u00fd z\u00e1\u017eitek.<\/p>\n<\/li>\n<li data-sourcepos=\"11:1-12:0\">\n<p data-sourcepos=\"11:3-11:177\"><strong>Citliv\u00e1 dotykov\u00e1 interakce:<\/strong> P\u0159ekryvn\u00fd panel s dotykovou obrazovkou umo\u017e\u0148uje u\u017eivatel\u016fm interakci s displejem pomoc\u00ed intuitivn\u00edch dotykov\u00fdch gest, jako jsou klepnut\u00ed, p\u0159ejet\u00ed a stisknut\u00ed.<\/p>\n<\/li>\n<li data-sourcepos=\"13:1-14:0\">\n<p data-sourcepos=\"13:3-13:185\"><strong>Odoln\u00e9 a v\u0161estrann\u00e9:<\/strong> Obvykle jsou vyrobeny z odoln\u00fdch materi\u00e1l\u016f, jako je sklo nebo plast, tak\u017ee jsou odoln\u00e9 proti po\u0161kr\u00e1b\u00e1n\u00ed a vhodn\u00e9 pro r\u016fzn\u00e9 aplikace.<\/p>\n<\/li>\n<li data-sourcepos=\"15:1-15:72\">\n<p data-sourcepos=\"15:3-15:72\"><strong>Energetick\u00e1 \u00fa\u010dinnost:<\/strong> V porovn\u00e1n\u00ed s jin\u00fdmi zobrazovac\u00edmi technologiemi jsou obecn\u011b energeticky \u00fasporn\u00e9 a spot\u0159ebov\u00e1vaj\u00ed m\u00e9n\u011b energie, ani\u017e by to bylo na \u00fakor v\u00fdkonu.<\/p>\n<\/li>\n<\/ul>\n<p data-sourcepos=\"17:1-17:38\"><strong>Aplikace:<\/strong><\/p>\n<ul data-sourcepos=\"19:1-26:0\">\n<li data-sourcepos=\"19:1-20:0\">\n<p data-sourcepos=\"19:3-19:159\"><strong>Chytr\u00e9 telefony a tablety:<\/strong> Jsou hlavn\u00ed zobrazovac\u00ed technologi\u00ed pro chytr\u00e9 telefony a tablety a poskytuj\u00ed kompaktn\u00ed a interaktivn\u00ed rozhran\u00ed.<\/p>\n<\/li>\n<li data-sourcepos=\"21:1-22:0\">\n<p data-sourcepos=\"21:3-21:171\"><strong>Notebooky a stoln\u00ed po\u010d\u00edta\u010de:<\/strong> St\u00e1le obl\u00edben\u011bj\u0161\u00ed jsou notebooky s dotykovou obrazovkou a stoln\u00ed po\u010d\u00edta\u010de typu AIO typu v\u0161e v jednom, kter\u00e9 vyu\u017e\u00edvaj\u00ed dotykov\u00e9 obrazovky LCD pro lep\u0161\u00ed interakci s u\u017eivatelem.<\/p>\n<\/li>\n<li data-sourcepos=\"23:1-24:0\">\n<p data-sourcepos=\"23:3-23:171\"><strong>Kiosky a interaktivn\u00ed displeje:<\/strong> Dotykov\u00e9 obrazovky LCD se hojn\u011b pou\u017e\u00edvaj\u00ed v kiosc\u00edch, informa\u010dn\u00edch termin\u00e1lech a interaktivn\u00edm zna\u010den\u00ed pro samoobsluhu a p\u0159\u00edstup k informac\u00edm.<\/p>\n<\/li>\n<li data-sourcepos=\"25:1-26:0\">\n<p data-sourcepos=\"25:3-25:166\"><strong>Prodejn\u00ed syst\u00e9my (POS):<\/strong> Dotykov\u00e9 obrazovky LCD jsou z\u00e1kladn\u00edmi sou\u010d\u00e1stmi pokladn\u00edch syst\u00e9m\u016f, kter\u00e9 umo\u017e\u0148uj\u00ed efektivn\u00ed pokladnu a spr\u00e1vu objedn\u00e1vek v maloobchodn\u00edm prost\u0159ed\u00ed.<\/p>\n<\/li>\n<\/ul>","protected":false},"excerpt":{"rendered":"<p>Dotykov\u00e9 obrazovky LCD se staly nepostradatelnou sou\u010d\u00e1st\u00ed modern\u00edho digit\u00e1ln\u00edho prost\u0159ed\u00ed a nab\u00edzej\u00ed dokonalou kombinaci vizu\u00e1ln\u00ed \u010distoty, citliv\u00e9 dotykov\u00e9 interakce a odolnosti. D\u00edky sv\u00e9 v\u0161estrannosti jsou vhodn\u00e9 pro \u0161irokou \u0161k\u00e1lu aplikac\u00ed, od osobn\u00edch za\u0159\u00edzen\u00ed a\u017e po komer\u010dn\u00ed prost\u0159ed\u00ed, co\u017e zvy\u0161uje u\u017eivatelsk\u00fd komfort a podporuje inovace.<\/p>","protected":false},"featured_media":1570,"template":"","meta":[],"product_cat":[41],"product_tag":[],"_links":{"self":[{"href":"https:\/\/touchscreenmfg.com\/cs\/wp-json\/wp\/v2\/product\/1609"}],"collection":[{"href":"https:\/\/touchscreenmfg.com\/cs\/wp-json\/wp\/v2\/product"}],"about":[{"href":"https:\/\/touchscreenmfg.com\/cs\/wp-json\/wp\/v2\/types\/product"}],"wp:featuredmedia":[{"embeddable":true,"href":"https:\/\/touchscreenmfg.com\/cs\/wp-json\/wp\/v2\/media\/1570"}],"wp:attachment":[{"href":"https:\/\/touchscreenmfg.com\/cs\/wp-json\/wp\/v2\/media?parent=1609"}],"wp:term":[{"taxonomy":"product_cat","embeddable":true,"href":"https:\/\/touchscreenmfg.com\/cs\/wp-json\/wp\/v2\/product_cat?post=1609"},{"taxonomy":"product_tag","embeddable":true,"href":"https:\/\/touchscreenmfg.com\/cs\/wp-json\/wp\/v2\/product_tag?post=1609"}],"curies":[{"name":"wp","href":"https:\/\/api.w.org\/{rel}","templated":true}]}}