{"id":1608,"date":"2024-06-29T01:06:10","date_gmt":"2024-06-29T01:06:10","guid":{"rendered":"https:\/\/touchscreenmfg.com\/manufacturer\/touch-screen-lens\/"},"modified":"2024-06-29T03:53:36","modified_gmt":"2024-06-29T03:53:36","slug":"touch-screen-lens","status":"publish","type":"product","link":"https:\/\/touchscreenmfg.com\/cs\/touch-screen-lens\/","title":{"rendered":"Objektiv s dotykovou obrazovkou"},"content":{"rendered":"<h2 class=\"\" data-sourcepos=\"3:1-3:76\">Objektivy s dotykovou obrazovkou: Ochrana a vylep\u0161en\u00ed z\u00e1\u017eitku z dotykov\u00e9 obrazovky<\/h2>\n<p data-sourcepos=\"5:1-5:166\">\u010co\u010dky dotykov\u00fdch displej\u016f, zn\u00e1m\u00e9 tak\u00e9 jako kryty dotykov\u00fdch displej\u016f nebo ochrann\u00e9 f\u00f3lie, jsou pr\u016fhledn\u00e9 vrstvy, kter\u00e9 se aplikuj\u00ed na dotykov\u00e9 displeje, aby je chr\u00e1nily p\u0159ed po\u0161kr\u00e1b\u00e1n\u00edm, n\u00e1razy a jin\u00fdm po\u0161kozen\u00edm. Tyto ochrann\u00e9 \u0161t\u00edty hraj\u00ed kl\u00ed\u010dovou roli p\u0159i zachov\u00e1n\u00ed integrity a funk\u010dnosti dotykov\u00fdch obrazovek a zaji\u0161\u0165uj\u00ed plynulou a citlivou u\u017eivatelskou pr\u00e1ci.<\/p>\n<p data-sourcepos=\"7:1-7:40\"><strong>Kl\u00ed\u010dov\u00e9 vlastnosti:<\/strong><\/p>\n<ul data-sourcepos=\"9:1-9:121\">\n<li data-sourcepos=\"9:1-9:121\">\n<p class=\"\" data-sourcepos=\"9:3-9:191\"><strong class=\"\">Odolnost proti po\u0161kr\u00e1b\u00e1n\u00ed:<\/strong> \u010co\u010dky dotykov\u00e9ho displeje jsou navr\u017eeny tak, aby odolaly po\u0161kr\u00e1b\u00e1n\u00ed od ka\u017edodenn\u00edho pou\u017e\u00edv\u00e1n\u00ed, nap\u0159\u00edklad od kl\u00ed\u010d\u016f, minc\u00ed a jin\u00fdch p\u0159edm\u011bt\u016f, a zabr\u00e1nily tak po\u0161kozen\u00ed jemn\u00e9ho povrchu displeje.<\/p>\n<\/li>\n<li data-sourcepos=\"11:1-12:0\">\n<p data-sourcepos=\"11:3-11:156\"><strong>Ochrana proti n\u00e1razu:<\/strong> Tyto ochrann\u00e9 f\u00f3lie dok\u00e1\u017e\u00ed absorbovat a rozpt\u00fdlit s\u00edlu n\u00e1raz\u016f, \u010d\u00edm\u017e sni\u017euj\u00ed riziko prasklin a zlomen\u00ed dotykov\u00e9 obrazovky.<\/p>\n<\/li>\n<li data-sourcepos=\"13:1-14:0\">\n<p data-sourcepos=\"13:3-13:242\"><strong>Ochrana proti odlesk\u016fm a redukce \u0161mouh:<\/strong> N\u011bkter\u00e9 \u010do\u010dky dotykov\u00e9ho displeje jsou opat\u0159eny antireflexn\u00ed vrstvou, kter\u00e1 minimalizuje odrazy a zlep\u0161uje viditelnost v jasn\u00e9m prost\u0159ed\u00ed. Mohou m\u00edt tak\u00e9 vlastnosti proti \u0161mouh\u00e1m, kter\u00e9 sni\u017euj\u00ed mno\u017estv\u00ed otisk\u016f prst\u016f a \u0161mouh.<\/p>\n<\/li>\n<li data-sourcepos=\"15:1-15:56\">\n<p data-sourcepos=\"15:3-15:56\"><strong>Kompatibilita s dotykovou citlivost\u00ed:<\/strong> Dotykov\u00e9 \u010do\u010dky jsou obvykle navr\u017eeny tak, aby zachov\u00e1valy dotykovou citlivost displeje a zaji\u0161\u0165ovaly bezprobl\u00e9movou interakci a rychlou odezvu.<\/p>\n<\/li>\n<\/ul>\n<p data-sourcepos=\"17:1-17:40\"><strong>Aplikace:<\/strong><\/p>\n<ul data-sourcepos=\"19:1-26:0\">\n<li data-sourcepos=\"19:1-20:0\">\n<p data-sourcepos=\"19:3-19:154\"><strong>Chytr\u00e9 telefony a tablety:<\/strong> \u010co\u010dky pro dotykov\u00e9 displeje se hojn\u011b pou\u017e\u00edvaj\u00ed u chytr\u00fdch telefon\u016f a tablet\u016f, aby chr\u00e1nily jejich cenn\u00e9 displeje p\u0159ed ka\u017edodenn\u00edm opot\u0159eben\u00edm.<\/p>\n<\/li>\n<li data-sourcepos=\"21:1-22:0\">\n<p data-sourcepos=\"21:3-21:135\"><strong>Notebooky a stoln\u00ed po\u010d\u00edta\u010de:<\/strong> Dotykov\u00e9 notebooky a stoln\u00ed po\u010d\u00edta\u010de typu \"v\u0161e v jednom\" (AIO) \u010dasto vyu\u017e\u00edvaj\u00ed ochrany \u010do\u010dek dotykov\u00e9 obrazovky.<\/p>\n<\/li>\n<li data-sourcepos=\"23:1-24:0\">\n<p data-sourcepos=\"23:3-23:203\"><strong>Kiosky a interaktivn\u00ed displeje:<\/strong> Ve\u0159ejn\u011b p\u0159\u00edstupn\u00e9 kiosky a interaktivn\u00ed displeje jsou obzvl\u00e1\u0161t\u011b n\u00e1chyln\u00e9 k po\u0161kr\u00e1b\u00e1n\u00ed a n\u00e1raz\u016fm, a proto jsou pro jejich ochranu nezbytn\u00e9 dotykov\u00e9 \u010do\u010dky.<\/p>\n<\/li>\n<li data-sourcepos=\"25:1-26:0\">\n<p data-sourcepos=\"25:3-25:185\"><strong>Prodejn\u00ed syst\u00e9my (POS):<\/strong> Pokladn\u00ed syst\u00e9my s dotykovou obrazovkou se spol\u00e9haj\u00ed na dotykov\u00e9 \u010do\u010dky, kter\u00e9 chr\u00e1n\u00ed jejich displeje p\u0159ed po\u0161kozen\u00edm a zaji\u0161\u0165uj\u00ed nep\u0159etr\u017eit\u00fd provoz v maloobchodn\u00edm prost\u0159ed\u00ed.<\/p>\n<\/li>\n<\/ul>","protected":false},"excerpt":{"rendered":"<p>\u010co\u010dky dotykov\u00fdch displej\u016f slou\u017e\u00ed jako d\u016fle\u017eit\u00e1 ochrann\u00e1 bari\u00e9ra pro dotykov\u00e9 displeje, prodlu\u017euj\u00ed jejich \u017eivotnost a zachov\u00e1vaj\u00ed jejich funk\u010dnost. Jejich schopnost zabr\u00e1nit po\u0161kr\u00e1b\u00e1n\u00ed, n\u00e1raz\u016fm a \u0161mouh\u00e1m zaji\u0161\u0165uje konzistentn\u00ed a p\u0159\u00edjemn\u00fd u\u017eivatelsk\u00fd z\u00e1\u017eitek v cel\u00e9 \u0159ad\u011b aplikac\u00ed.<\/p>","protected":false},"featured_media":1568,"template":"","meta":[],"product_cat":[41],"product_tag":[],"_links":{"self":[{"href":"https:\/\/touchscreenmfg.com\/cs\/wp-json\/wp\/v2\/product\/1608"}],"collection":[{"href":"https:\/\/touchscreenmfg.com\/cs\/wp-json\/wp\/v2\/product"}],"about":[{"href":"https:\/\/touchscreenmfg.com\/cs\/wp-json\/wp\/v2\/types\/product"}],"wp:featuredmedia":[{"embeddable":true,"href":"https:\/\/touchscreenmfg.com\/cs\/wp-json\/wp\/v2\/media\/1568"}],"wp:attachment":[{"href":"https:\/\/touchscreenmfg.com\/cs\/wp-json\/wp\/v2\/media?parent=1608"}],"wp:term":[{"taxonomy":"product_cat","embeddable":true,"href":"https:\/\/touchscreenmfg.com\/cs\/wp-json\/wp\/v2\/product_cat?post=1608"},{"taxonomy":"product_tag","embeddable":true,"href":"https:\/\/touchscreenmfg.com\/cs\/wp-json\/wp\/v2\/product_tag?post=1608"}],"curies":[{"name":"wp","href":"https:\/\/api.w.org\/{rel}","templated":true}]}}