{"id":1607,"date":"2024-06-29T01:06:10","date_gmt":"2024-06-29T01:06:10","guid":{"rendered":"https:\/\/touchscreenmfg.com\/manufacturer\/matrix-digital-touch-screen\/"},"modified":"2024-06-29T03:13:06","modified_gmt":"2024-06-29T03:13:06","slug":"matrix-digital-touch-screen","status":"publish","type":"product","link":"https:\/\/touchscreenmfg.com\/cs\/matrix-digital-touch-screen\/","title":{"rendered":"Digit\u00e1ln\u00ed dotykov\u00e1 obrazovka Matrix"},"content":{"rendered":"<h2 class=\"\" data-sourcepos=\"3:1-3:105\">Digit\u00e1ln\u00ed dotykov\u00e1 obrazovka Matrix: Matrix: Revolu\u010dn\u00ed interakce mezi \u010dlov\u011bkem a strojem d\u00edky intuitivn\u00ed dotykov\u00e9 technologii<\/h2>\n<p data-sourcepos=\"5:1-5:361\">Maticov\u00e9 digit\u00e1ln\u00ed dotykov\u00e9 obrazovky, zn\u00e1m\u00e9 tak\u00e9 jako maticov\u00e9 dotykov\u00e9 panely nebo interaktivn\u00ed displeje, jsou pokro\u010dil\u00e9 dotykov\u00e9 obrazovky, kter\u00e9 u\u017eivatel\u016fm umo\u017e\u0148uj\u00ed interakci s digit\u00e1ln\u00edm obsahem a za\u0159\u00edzen\u00edmi prost\u0159ednictv\u00edm intuitivn\u00edch dotykov\u00fdch gest. Tyto inovativn\u00ed dotykov\u00e9 obrazovky m\u011bn\u00ed zp\u016fsob, jak\u00fdm komunikujeme s technologiemi, a nab\u00edzej\u00ed p\u0159irozen\u011bj\u0161\u00ed a u\u017eivatelsky p\u0159\u00edv\u011btiv\u011bj\u0161\u00ed z\u00e1\u017eitek.<\/p>\n<p data-sourcepos=\"7:1-7:49\"><strong>Kl\u00ed\u010dov\u00e9 vlastnosti:<\/strong><\/p>\n<ul data-sourcepos=\"9:1-9:125\">\n<li data-sourcepos=\"9:1-9:125\">\n<p data-sourcepos=\"9:3-9:237\"><strong>P\u0159esn\u00e9 a citliv\u00e9 rozpozn\u00e1v\u00e1n\u00ed dotyk\u016f:<\/strong> Digit\u00e1ln\u00ed dotykov\u00e9 obrazovky Matrix vyu\u017e\u00edvaj\u00ed sofistikovanou technologii detekce dotyku, kter\u00e1 p\u0159esn\u011b zachycuje a reaguje na \u0161irokou \u0161k\u00e1lu dotykov\u00fdch gest, v\u010detn\u011b klepnut\u00ed, p\u0159ejet\u00ed prstem, stisknut\u00ed a p\u0159ibl\u00ed\u017een\u00ed.<\/p>\n<\/li>\n<li data-sourcepos=\"11:1-12:0\">\n<p data-sourcepos=\"11:3-11:214\"><strong>Mo\u017enost v\u00edcedotykov\u00e9ho ovl\u00e1d\u00e1n\u00ed:<\/strong> Mnoho digit\u00e1ln\u00edch obrazovek Matrix podporuje funkci v\u00edcedotykov\u00e9ho ovl\u00e1d\u00e1n\u00ed, kter\u00e1 u\u017eivatel\u016fm umo\u017e\u0148uje interakci s v\u00edce body na obrazovce sou\u010dasn\u011b, co\u017e zvy\u0161uje interaktivn\u00ed z\u00e1\u017eitek.<\/p>\n<\/li>\n<li data-sourcepos=\"13:1-14:0\">\n<p data-sourcepos=\"13:3-13:210\"><strong>Odoln\u00e9 povrchy odoln\u00e9 proti po\u0161kr\u00e1b\u00e1n\u00ed:<\/strong> Digit\u00e1ln\u00ed obrazovky Matrix jsou obvykle vyrobeny z odoln\u00fdch materi\u00e1l\u016f, jako je tvrzen\u00e9 sklo nebo plast, tak\u017ee vydr\u017e\u00ed pravideln\u00e9 pou\u017e\u00edv\u00e1n\u00ed a jsou odoln\u00e9 proti po\u0161kr\u00e1b\u00e1n\u00ed.<\/p>\n<\/li>\n<li data-sourcepos=\"15:1-16:0\">\n<p data-sourcepos=\"15:3-15:181\"><strong>V\u0161estrann\u00e9 pou\u017eit\u00ed:<\/strong> Digit\u00e1ln\u00ed dotykov\u00e9 obrazovky Matrix se pou\u017e\u00edvaj\u00ed v \u0161irok\u00e9 \u0161k\u00e1le aplikac\u00ed, v\u010detn\u011b chytr\u00fdch telefon\u016f, tablet\u016f, notebook\u016f, kiosk\u016f a pr\u016fmyslov\u00fdch \u0159\u00eddic\u00edch syst\u00e9m\u016f.<\/p>\n<\/li>\n<\/ul>\n<p data-sourcepos=\"17:1-17:49\"><strong>Aplikace:<\/strong><\/p>\n<ul data-sourcepos=\"19:1-26:0\">\n<li data-sourcepos=\"19:1-20:0\">\n<p data-sourcepos=\"19:3-19:172\"><strong>Spot\u0159ebn\u00ed elektronika:<\/strong> Digit\u00e1ln\u00ed dotykov\u00e9 obrazovky Matrix jsou v\u0161udyp\u0159\u00edtomn\u00e9 v za\u0159\u00edzen\u00edch spot\u0159ebn\u00ed elektroniky a umo\u017e\u0148uj\u00ed intuitivn\u00ed ovl\u00e1d\u00e1n\u00ed chytr\u00fdch telefon\u016f, tablet\u016f a notebook\u016f.<\/p>\n<\/li>\n<li data-sourcepos=\"21:1-22:0\">\n<p data-sourcepos=\"21:3-21:152\"><strong>Komer\u010dn\u00ed displeje:<\/strong> Dotykov\u00e9 obrazovky se st\u00e1le \u010dast\u011bji pou\u017e\u00edvaj\u00ed v komer\u010dn\u00edch prost\u0159ed\u00edch, jako jsou maloobchodn\u00ed kiosky, interaktivn\u00ed n\u00e1pisy a vzd\u011bl\u00e1vac\u00ed displeje.<\/p>\n<\/li>\n<li data-sourcepos=\"23:1-24:0\">\n<p data-sourcepos=\"23:3-23:158\"><strong>Pr\u016fmyslov\u00e1 automatizace:<\/strong> Dotykov\u00e9 panely se pou\u017e\u00edvaj\u00ed v pr\u016fmyslov\u00fdch automatiza\u010dn\u00edch syst\u00e9mech pro ovl\u00e1d\u00e1n\u00ed stroj\u016f, monitorov\u00e1n\u00ed proces\u016f a vizualizaci dat.<\/p>\n<\/li>\n<li data-sourcepos=\"25:1-26:0\">\n<p data-sourcepos=\"25:3-25:182\"><strong>Automatizace dom\u00e1cnosti:<\/strong> Digit\u00e1ln\u00ed dotykov\u00e9 obrazovky Matrix jsou integrov\u00e1ny do syst\u00e9m\u016f inteligentn\u00ed dom\u00e1cnosti a umo\u017e\u0148uj\u00ed u\u017eivatel\u016fm ovl\u00e1dat osv\u011btlen\u00ed, spot\u0159ebi\u010de a bezpe\u010dnostn\u00ed funkce pouh\u00fdm dotykem.<\/p>\n<\/li>\n<\/ul>","protected":false},"excerpt":{"rendered":"<p>Digit\u00e1ln\u00ed dotykov\u00e9 obrazovky Matrix zp\u016fsobily revoluci v interakci mezi \u010dlov\u011bkem a strojem a poskytuj\u00ed p\u0159irozen\u011bj\u0161\u00ed a intuitivn\u011bj\u0161\u00ed zp\u016fsob ovl\u00e1d\u00e1n\u00ed a interakce s digit\u00e1ln\u00edmi za\u0159\u00edzen\u00edmi. D\u00edky sv\u00e9 v\u0161estrannosti, p\u0159esnosti a odolnosti jsou nepostradateln\u00fdmi sou\u010d\u00e1stmi v \u0161irok\u00e9 \u0161k\u00e1le aplikac\u00ed, od spot\u0159ebn\u00ed elektroniky a\u017e po pr\u016fmyslovou automatizaci.<\/p>","protected":false},"featured_media":1567,"template":"","meta":[],"product_cat":[41],"product_tag":[],"_links":{"self":[{"href":"https:\/\/touchscreenmfg.com\/cs\/wp-json\/wp\/v2\/product\/1607"}],"collection":[{"href":"https:\/\/touchscreenmfg.com\/cs\/wp-json\/wp\/v2\/product"}],"about":[{"href":"https:\/\/touchscreenmfg.com\/cs\/wp-json\/wp\/v2\/types\/product"}],"wp:featuredmedia":[{"embeddable":true,"href":"https:\/\/touchscreenmfg.com\/cs\/wp-json\/wp\/v2\/media\/1567"}],"wp:attachment":[{"href":"https:\/\/touchscreenmfg.com\/cs\/wp-json\/wp\/v2\/media?parent=1607"}],"wp:term":[{"taxonomy":"product_cat","embeddable":true,"href":"https:\/\/touchscreenmfg.com\/cs\/wp-json\/wp\/v2\/product_cat?post=1607"},{"taxonomy":"product_tag","embeddable":true,"href":"https:\/\/touchscreenmfg.com\/cs\/wp-json\/wp\/v2\/product_tag?post=1607"}],"curies":[{"name":"wp","href":"https:\/\/api.w.org\/{rel}","templated":true}]}}